{"id":6335,"date":"2024-03-13T14:49:13","date_gmt":"2024-03-13T13:49:13","guid":{"rendered":"https:\/\/hoch-rep.com\/?page_id=6335"},"modified":"2025-05-26T11:09:56","modified_gmt":"2025-05-26T09:09:56","slug":"schildkroeten","status":"publish","type":"page","link":"http:\/\/hoch-rep.com\/fr\/tiersteckbriefe\/schildkroeten\/","title":{"rendered":"Tortues"},"content":{"rendered":"<div data-elementor-type=\"wp-page\" data-elementor-id=\"6335\" class=\"elementor elementor-6335\" data-elementor-post-type=\"page\">\n\t\t\t\t\t\t<section class=\"elementor-section elementor-top-section elementor-element elementor-element-fd9d6ca elementor-section-boxed elementor-section-height-default elementor-section-height-default\" data-id=\"fd9d6ca\" data-element_type=\"section\" data-e-type=\"section\">\n\t\t\t\t\t\t<div class=\"elementor-container elementor-column-gap-default\">\n\t\t\t\t\t<div class=\"elementor-column elementor-col-100 elementor-top-column elementor-element elementor-element-ef145e7\" data-id=\"ef145e7\" data-element_type=\"column\" data-e-type=\"column\">\n\t\t\t<div class=\"elementor-widget-wrap elementor-element-populated\">\n\t\t\t\t\t\t<div class=\"elementor-element elementor-element-7577406 elementor-widget elementor-widget-spacer\" data-id=\"7577406\" data-element_type=\"widget\" data-e-type=\"widget\" data-widget_type=\"spacer.default\">\n\t\t\t\t<div class=\"elementor-widget-container\">\n\t\t\t\t\t\t\t<div class=\"elementor-spacer\">\n\t\t\t<div class=\"elementor-spacer-inner\"><\/div>\n\t\t<\/div>\n\t\t\t\t\t\t<\/div>\n\t\t\t\t<\/div>\n\t\t\t\t\t<\/div>\n\t\t<\/div>\n\t\t\t\t\t<\/div>\n\t\t<\/section>\n\t\t\t\t<section class=\"elementor-section elementor-top-section elementor-element elementor-element-fb3046f elementor-section-boxed elementor-section-height-default elementor-section-height-default\" data-id=\"fb3046f\" data-element_type=\"section\" data-e-type=\"section\">\n\t\t\t\t\t\t<div class=\"elementor-container elementor-column-gap-default\">\n\t\t\t\t\t<div class=\"elementor-column elementor-col-100 elementor-top-column elementor-element elementor-element-87b17ec\" data-id=\"87b17ec\" data-element_type=\"column\" data-e-type=\"column\">\n\t\t\t<div class=\"elementor-widget-wrap elementor-element-populated\">\n\t\t\t\t\t\t<div class=\"elementor-element elementor-element-c4619fb elementor-widget elementor-widget-heading\" data-id=\"c4619fb\" data-element_type=\"widget\" data-e-type=\"widget\" data-widget_type=\"heading.default\">\n\t\t\t\t<div class=\"elementor-widget-container\">\n\t\t\t\t\t<h1 class=\"elementor-heading-title elementor-size-default\">Tortues<\/h1>\t\t\t\t<\/div>\n\t\t\t\t<\/div>\n\t\t\t\t<div class=\"elementor-element elementor-element-9de4810 elementor-widget elementor-widget-spacer\" data-id=\"9de4810\" data-element_type=\"widget\" data-e-type=\"widget\" data-widget_type=\"spacer.default\">\n\t\t\t\t<div class=\"elementor-widget-container\">\n\t\t\t\t\t\t\t<div class=\"elementor-spacer\">\n\t\t\t<div class=\"elementor-spacer-inner\"><\/div>\n\t\t<\/div>\n\t\t\t\t\t\t<\/div>\n\t\t\t\t<\/div>\n\t\t\t\t\t<\/div>\n\t\t<\/div>\n\t\t\t\t\t<\/div>\n\t\t<\/section>\n\t\t\t\t<section class=\"elementor-section elementor-top-section elementor-element elementor-element-0b0836c elementor-section-content-bottom elementor-section-boxed elementor-section-height-default elementor-section-height-default\" data-id=\"0b0836c\" data-element_type=\"section\" data-e-type=\"section\">\n\t\t\t\t\t\t<div class=\"elementor-container elementor-column-gap-wider\">\n\t\t\t\t\t<div class=\"elementor-column elementor-col-33 elementor-top-column elementor-element elementor-element-cb1e4d1\" data-id=\"cb1e4d1\" data-element_type=\"column\" data-e-type=\"column\">\n\t\t\t<div class=\"elementor-widget-wrap elementor-element-populated\">\n\t\t\t\t\t\t<div class=\"elementor-element elementor-element-251e6c6 elementor-widget elementor-widget-image\" data-id=\"251e6c6\" data-element_type=\"widget\" data-e-type=\"widget\" data-widget_type=\"image.default\">\n\t\t\t\t<div class=\"elementor-widget-container\">\n\t\t\t\t\t\t\t\t\t\t\t\t\t\t\t<img fetchpriority=\"high\" decoding=\"async\" width=\"300\" height=\"211\" src=\"https:\/\/hoch-rep.com\/wp-content\/uploads\/2024\/03\/iStock-492072128-scaled-e1748250579668-300x211.jpg\" class=\"elementor-animation-grow attachment-medium size-medium wp-image-6218\" alt=\"Tortoise on white backgroundTortoise on white background\" srcset=\"https:\/\/hoch-rep.com\/wp-content\/uploads\/2024\/03\/iStock-492072128-scaled-e1748250579668-300x211.jpg 300w, https:\/\/hoch-rep.com\/wp-content\/uploads\/2024\/03\/iStock-492072128-scaled-e1748250579668-1024x721.jpg 1024w, https:\/\/hoch-rep.com\/wp-content\/uploads\/2024\/03\/iStock-492072128-scaled-e1748250579668-768x540.jpg 768w, https:\/\/hoch-rep.com\/wp-content\/uploads\/2024\/03\/iStock-492072128-scaled-e1748250579668-1536x1081.jpg 1536w, https:\/\/hoch-rep.com\/wp-content\/uploads\/2024\/03\/iStock-492072128-scaled-e1748250579668-18x12.jpg 18w, https:\/\/hoch-rep.com\/wp-content\/uploads\/2024\/03\/iStock-492072128-scaled-e1748250579668.jpg 1873w\" sizes=\"(max-width: 300px) 100vw, 300px\" \/>\t\t\t\t\t\t\t\t\t\t\t\t\t\t\t<\/div>\n\t\t\t\t<\/div>\n\t\t\t\t<div class=\"elementor-element elementor-element-6702eaa elementor-widget elementor-widget-heading\" data-id=\"6702eaa\" data-element_type=\"widget\" data-e-type=\"widget\" data-widget_type=\"heading.default\">\n\t\t\t\t<div class=\"elementor-widget-container\">\n\t\t\t\t\t<h2 class=\"elementor-heading-title elementor-size-default\">Tortues terrestres<\/h2>\t\t\t\t<\/div>\n\t\t\t\t<\/div>\n\t\t\t\t\t<\/div>\n\t\t<\/div>\n\t\t\t\t<div class=\"elementor-column elementor-col-33 elementor-top-column elementor-element elementor-element-15ab41d\" data-id=\"15ab41d\" data-element_type=\"column\" data-e-type=\"column\">\n\t\t\t<div class=\"elementor-widget-wrap elementor-element-populated\">\n\t\t\t\t\t\t<div class=\"elementor-element elementor-element-61d59a2 e-transform elementor-widget elementor-widget-image\" data-id=\"61d59a2\" data-element_type=\"widget\" data-e-type=\"widget\" data-settings=\"{&quot;_transform_flipX_effect&quot;:&quot;transform&quot;}\" data-widget_type=\"image.default\">\n\t\t\t\t<div class=\"elementor-widget-container\">\n\t\t\t\t\t\t\t\t\t\t\t\t\t\t\t<img decoding=\"async\" width=\"300\" height=\"210\" src=\"https:\/\/hoch-rep.com\/wp-content\/uploads\/2024\/03\/Ouachita-Hockerschildkrote-FZ-Baby-300x210.jpg\" class=\"elementor-animation-grow attachment-medium size-medium wp-image-6311\" alt=\"Eine Ouachita Hockerschildkrote\" srcset=\"https:\/\/hoch-rep.com\/wp-content\/uploads\/2024\/03\/Ouachita-Hockerschildkrote-FZ-Baby-300x210.jpg 300w, https:\/\/hoch-rep.com\/wp-content\/uploads\/2024\/03\/Ouachita-Hockerschildkrote-FZ-Baby-768x538.jpg 768w, https:\/\/hoch-rep.com\/wp-content\/uploads\/2024\/03\/Ouachita-Hockerschildkrote-FZ-Baby-18x12.jpg 18w, https:\/\/hoch-rep.com\/wp-content\/uploads\/2024\/03\/Ouachita-Hockerschildkrote-FZ-Baby.jpg 993w\" sizes=\"(max-width: 300px) 100vw, 300px\" \/>\t\t\t\t\t\t\t\t\t\t\t\t\t\t\t<\/div>\n\t\t\t\t<\/div>\n\t\t\t\t<div class=\"elementor-element elementor-element-35918ce elementor-widget elementor-widget-heading\" data-id=\"35918ce\" data-element_type=\"widget\" data-e-type=\"widget\" data-widget_type=\"heading.default\">\n\t\t\t\t<div class=\"elementor-widget-container\">\n\t\t\t\t\t<h2 class=\"elementor-heading-title elementor-size-default\">Tortues d'eau<\/h2>\t\t\t\t<\/div>\n\t\t\t\t<\/div>\n\t\t\t\t\t<\/div>\n\t\t<\/div>\n\t\t\t\t<div class=\"elementor-column elementor-col-33 elementor-top-column elementor-element elementor-element-34da58c\" data-id=\"34da58c\" data-element_type=\"column\" data-e-type=\"column\">\n\t\t\t<div class=\"elementor-widget-wrap elementor-element-populated\">\n\t\t\t\t\t\t<div class=\"elementor-element elementor-element-03f7829 elementor-widget elementor-widget-image\" data-id=\"03f7829\" data-element_type=\"widget\" data-e-type=\"widget\" data-widget_type=\"image.default\">\n\t\t\t\t<div class=\"elementor-widget-container\">\n\t\t\t\t\t\t\t\t\t\t\t\t\t\t\t<img decoding=\"async\" width=\"300\" height=\"201\" src=\"https:\/\/hoch-rep.com\/wp-content\/uploads\/2024\/03\/Emys-orbicularis-300x201.jpg\" class=\"elementor-animation-grow attachment-medium size-medium wp-image-6313\" alt=\"Eine Emys orbicularis\" srcset=\"https:\/\/hoch-rep.com\/wp-content\/uploads\/2024\/03\/Emys-orbicularis-300x201.jpg 300w, https:\/\/hoch-rep.com\/wp-content\/uploads\/2024\/03\/Emys-orbicularis-1024x687.jpg 1024w, https:\/\/hoch-rep.com\/wp-content\/uploads\/2024\/03\/Emys-orbicularis-768x515.jpg 768w, https:\/\/hoch-rep.com\/wp-content\/uploads\/2024\/03\/Emys-orbicularis-1536x1031.jpg 1536w, https:\/\/hoch-rep.com\/wp-content\/uploads\/2024\/03\/Emys-orbicularis-18x12.jpg 18w, https:\/\/hoch-rep.com\/wp-content\/uploads\/2024\/03\/Emys-orbicularis.jpg 1748w\" sizes=\"(max-width: 300px) 100vw, 300px\" \/>\t\t\t\t\t\t\t\t\t\t\t\t\t\t\t<\/div>\n\t\t\t\t<\/div>\n\t\t\t\t<div class=\"elementor-element elementor-element-0bed500 elementor-widget elementor-widget-heading\" data-id=\"0bed500\" data-element_type=\"widget\" data-e-type=\"widget\" data-widget_type=\"heading.default\">\n\t\t\t\t<div class=\"elementor-widget-container\">\n\t\t\t\t\t<h2 class=\"elementor-heading-title elementor-size-default\">Tortues des marais<\/h2>\t\t\t\t<\/div>\n\t\t\t\t<\/div>\n\t\t\t\t\t<\/div>\n\t\t<\/div>\n\t\t\t\t\t<\/div>\n\t\t<\/section>\n\t\t\t\t<\/div>","protected":false},"excerpt":{"rendered":"<p>Tortues Tortues terrestres Tortues aquatiques Tortues des marais<\/p>","protected":false},"author":6,"featured_media":0,"parent":6259,"menu_order":0,"comment_status":"closed","ping_status":"closed","template":"elementor_header_footer","meta":{"footnotes":""},"class_list":["post-6335","page","type-page","status-publish","hentry"],"yoast_head":"<!-- This site is optimized with the Yoast SEO plugin v25.5 - https:\/\/yoast.com\/wordpress\/plugins\/seo\/ -->\n<title>Schildkr\u00f6ten - Import-Export Peter Hoch GmbH<\/title>\n<meta name=\"robots\" content=\"index, follow, max-snippet:-1, max-image-preview:large, max-video-preview:-1\" \/>\n<link rel=\"canonical\" href=\"https:\/\/hoch-rep.com\/fr\/tiersteckbriefe\/schildkroeten\/\" \/>\n<meta property=\"og:locale\" content=\"fr_FR\" \/>\n<meta property=\"og:type\" content=\"article\" \/>\n<meta property=\"og:title\" content=\"Schildkr\u00f6ten - Import-Export Peter Hoch GmbH\" \/>\n<meta property=\"og:description\" content=\"Schildkr\u00f6ten Landschildkr\u00f6ten Wasserschildkr\u00f6ten Sumpfschildkr\u00f6ten\" \/>\n<meta property=\"og:url\" content=\"https:\/\/hoch-rep.com\/fr\/tiersteckbriefe\/schildkroeten\/\" \/>\n<meta property=\"og:site_name\" content=\"Import-Export Peter Hoch GmbH\" \/>\n<meta property=\"article:publisher\" content=\"https:\/\/www.facebook.com\/hochrep\/\" \/>\n<meta property=\"article:modified_time\" content=\"2025-05-26T09:09:56+00:00\" \/>\n<meta property=\"og:image\" content=\"https:\/\/hoch-rep.com\/wp-content\/uploads\/2024\/03\/iStock-492072128-scaled-e1748250579668.jpg\" \/>\n\t<meta property=\"og:image:width\" content=\"1873\" \/>\n\t<meta property=\"og:image:height\" content=\"1318\" \/>\n\t<meta property=\"og:image:type\" content=\"image\/jpeg\" \/>\n<meta name=\"twitter:card\" content=\"summary_large_image\" \/>\n<meta name=\"twitter:label1\" content=\"Dur\u00e9e de lecture estim\u00e9e\" \/>\n\t<meta name=\"twitter:data1\" content=\"1 minute\" \/>\n<script type=\"application\/ld+json\" class=\"yoast-schema-graph\">{\"@context\":\"https:\/\/schema.org\",\"@graph\":[{\"@type\":\"WebPage\",\"@id\":\"https:\/\/hoch-rep.com\/tiersteckbriefe\/schildkroeten\/\",\"url\":\"https:\/\/hoch-rep.com\/tiersteckbriefe\/schildkroeten\/\",\"name\":\"Schildkr\u00f6ten - Import-Export Peter Hoch GmbH\",\"isPartOf\":{\"@id\":\"https:\/\/hoch-rep.com\/#website\"},\"primaryImageOfPage\":{\"@id\":\"https:\/\/hoch-rep.com\/tiersteckbriefe\/schildkroeten\/#primaryimage\"},\"image\":{\"@id\":\"https:\/\/hoch-rep.com\/tiersteckbriefe\/schildkroeten\/#primaryimage\"},\"thumbnailUrl\":\"https:\/\/hoch-rep.com\/wp-content\/uploads\/2024\/03\/iStock-492072128-scaled-e1748250579668-300x211.jpg\",\"datePublished\":\"2024-03-13T13:49:13+00:00\",\"dateModified\":\"2025-05-26T09:09:56+00:00\",\"breadcrumb\":{\"@id\":\"https:\/\/hoch-rep.com\/tiersteckbriefe\/schildkroeten\/#breadcrumb\"},\"inLanguage\":\"fr-FR\",\"potentialAction\":[{\"@type\":\"ReadAction\",\"target\":[\"https:\/\/hoch-rep.com\/tiersteckbriefe\/schildkroeten\/\"]}]},{\"@type\":\"ImageObject\",\"inLanguage\":\"fr-FR\",\"@id\":\"https:\/\/hoch-rep.com\/tiersteckbriefe\/schildkroeten\/#primaryimage\",\"url\":\"https:\/\/hoch-rep.com\/wp-content\/uploads\/2024\/03\/iStock-492072128-scaled-e1748250579668-300x211.jpg\",\"contentUrl\":\"https:\/\/hoch-rep.com\/wp-content\/uploads\/2024\/03\/iStock-492072128-scaled-e1748250579668-300x211.jpg\"},{\"@type\":\"BreadcrumbList\",\"@id\":\"https:\/\/hoch-rep.com\/tiersteckbriefe\/schildkroeten\/#breadcrumb\",\"itemListElement\":[{\"@type\":\"ListItem\",\"position\":1,\"name\":\"Startseite\",\"item\":\"https:\/\/hoch-rep.com\/\"},{\"@type\":\"ListItem\",\"position\":2,\"name\":\"Tiersteckbriefe\",\"item\":\"https:\/\/hoch-rep.com\/tiersteckbriefe\/\"},{\"@type\":\"ListItem\",\"position\":3,\"name\":\"Schildkr\u00f6ten\"}]},{\"@type\":\"WebSite\",\"@id\":\"https:\/\/hoch-rep.com\/#website\",\"url\":\"https:\/\/hoch-rep.com\/\",\"name\":\"Import-Export Peter Hoch GmbH\",\"description\":\"\",\"publisher\":{\"@id\":\"https:\/\/hoch-rep.com\/#organization\"},\"potentialAction\":[{\"@type\":\"SearchAction\",\"target\":{\"@type\":\"EntryPoint\",\"urlTemplate\":\"https:\/\/hoch-rep.com\/?s={search_term_string}\"},\"query-input\":{\"@type\":\"PropertyValueSpecification\",\"valueRequired\":true,\"valueName\":\"search_term_string\"}}],\"inLanguage\":\"fr-FR\"},{\"@type\":\"Organization\",\"@id\":\"https:\/\/hoch-rep.com\/#organization\",\"name\":\"Import-Export Peter Hoch GmbH\",\"url\":\"https:\/\/hoch-rep.com\/\",\"logo\":{\"@type\":\"ImageObject\",\"inLanguage\":\"fr-FR\",\"@id\":\"https:\/\/hoch-rep.com\/#\/schema\/logo\/image\/\",\"url\":\"https:\/\/hoch-rep.com\/wp-content\/uploads\/2023\/08\/Hoch_Logo_2023-1.png\",\"contentUrl\":\"https:\/\/hoch-rep.com\/wp-content\/uploads\/2023\/08\/Hoch_Logo_2023-1.png\",\"width\":8843,\"height\":2207,\"caption\":\"Import-Export Peter Hoch GmbH\"},\"image\":{\"@id\":\"https:\/\/hoch-rep.com\/#\/schema\/logo\/image\/\"},\"sameAs\":[\"https:\/\/www.facebook.com\/hochrep\/\",\"https:\/\/www.linkedin.com\/company\/import-export-peter-hoch-gmbh\/\",\"https:\/\/www.instagram.com\/import_export_hoch\/\"]}]}<\/script>\n<!-- \/ Yoast SEO plugin. -->","yoast_head_json":{"title":"Schildkr\u00f6ten - Import-Export Peter Hoch GmbH","robots":{"index":"index","follow":"follow","max-snippet":"max-snippet:-1","max-image-preview":"max-image-preview:large","max-video-preview":"max-video-preview:-1"},"canonical":"https:\/\/hoch-rep.com\/fr\/tiersteckbriefe\/schildkroeten\/","og_locale":"fr_FR","og_type":"article","og_title":"Schildkr\u00f6ten - Import-Export Peter Hoch GmbH","og_description":"Schildkr\u00f6ten Landschildkr\u00f6ten Wasserschildkr\u00f6ten Sumpfschildkr\u00f6ten","og_url":"https:\/\/hoch-rep.com\/fr\/tiersteckbriefe\/schildkroeten\/","og_site_name":"Import-Export Peter Hoch GmbH","article_publisher":"https:\/\/www.facebook.com\/hochrep\/","article_modified_time":"2025-05-26T09:09:56+00:00","og_image":[{"width":1873,"height":1318,"url":"https:\/\/hoch-rep.com\/wp-content\/uploads\/2024\/03\/iStock-492072128-scaled-e1748250579668.jpg","type":"image\/jpeg"}],"twitter_card":"summary_large_image","twitter_misc":{"Dur\u00e9e de lecture estim\u00e9e":"1 minute"},"schema":{"@context":"https:\/\/schema.org","@graph":[{"@type":"WebPage","@id":"https:\/\/hoch-rep.com\/tiersteckbriefe\/schildkroeten\/","url":"https:\/\/hoch-rep.com\/tiersteckbriefe\/schildkroeten\/","name":"Schildkr\u00f6ten - Import-Export Peter Hoch GmbH","isPartOf":{"@id":"https:\/\/hoch-rep.com\/#website"},"primaryImageOfPage":{"@id":"https:\/\/hoch-rep.com\/tiersteckbriefe\/schildkroeten\/#primaryimage"},"image":{"@id":"https:\/\/hoch-rep.com\/tiersteckbriefe\/schildkroeten\/#primaryimage"},"thumbnailUrl":"https:\/\/hoch-rep.com\/wp-content\/uploads\/2024\/03\/iStock-492072128-scaled-e1748250579668-300x211.jpg","datePublished":"2024-03-13T13:49:13+00:00","dateModified":"2025-05-26T09:09:56+00:00","breadcrumb":{"@id":"https:\/\/hoch-rep.com\/tiersteckbriefe\/schildkroeten\/#breadcrumb"},"inLanguage":"fr-FR","potentialAction":[{"@type":"ReadAction","target":["https:\/\/hoch-rep.com\/tiersteckbriefe\/schildkroeten\/"]}]},{"@type":"ImageObject","inLanguage":"fr-FR","@id":"https:\/\/hoch-rep.com\/tiersteckbriefe\/schildkroeten\/#primaryimage","url":"https:\/\/hoch-rep.com\/wp-content\/uploads\/2024\/03\/iStock-492072128-scaled-e1748250579668-300x211.jpg","contentUrl":"https:\/\/hoch-rep.com\/wp-content\/uploads\/2024\/03\/iStock-492072128-scaled-e1748250579668-300x211.jpg"},{"@type":"BreadcrumbList","@id":"https:\/\/hoch-rep.com\/tiersteckbriefe\/schildkroeten\/#breadcrumb","itemListElement":[{"@type":"ListItem","position":1,"name":"Startseite","item":"https:\/\/hoch-rep.com\/"},{"@type":"ListItem","position":2,"name":"Tiersteckbriefe","item":"https:\/\/hoch-rep.com\/tiersteckbriefe\/"},{"@type":"ListItem","position":3,"name":"Schildkr\u00f6ten"}]},{"@type":"WebSite","@id":"https:\/\/hoch-rep.com\/#website","url":"https:\/\/hoch-rep.com\/","name":"Import-Export Peter Hoch GmbH","description":"","publisher":{"@id":"https:\/\/hoch-rep.com\/#organization"},"potentialAction":[{"@type":"SearchAction","target":{"@type":"EntryPoint","urlTemplate":"https:\/\/hoch-rep.com\/?s={search_term_string}"},"query-input":{"@type":"PropertyValueSpecification","valueRequired":true,"valueName":"search_term_string"}}],"inLanguage":"fr-FR"},{"@type":"Organization","@id":"https:\/\/hoch-rep.com\/#organization","name":"Import-Export Peter Hoch GmbH","url":"https:\/\/hoch-rep.com\/","logo":{"@type":"ImageObject","inLanguage":"fr-FR","@id":"https:\/\/hoch-rep.com\/#\/schema\/logo\/image\/","url":"https:\/\/hoch-rep.com\/wp-content\/uploads\/2023\/08\/Hoch_Logo_2023-1.png","contentUrl":"https:\/\/hoch-rep.com\/wp-content\/uploads\/2023\/08\/Hoch_Logo_2023-1.png","width":8843,"height":2207,"caption":"Import-Export Peter Hoch GmbH"},"image":{"@id":"https:\/\/hoch-rep.com\/#\/schema\/logo\/image\/"},"sameAs":["https:\/\/www.facebook.com\/hochrep\/","https:\/\/www.linkedin.com\/company\/import-export-peter-hoch-gmbh\/","https:\/\/www.instagram.com\/import_export_hoch\/"]}]}},"_links":{"self":[{"href":"http:\/\/hoch-rep.com\/fr\/wp-json\/wp\/v2\/pages\/6335"}],"collection":[{"href":"http:\/\/hoch-rep.com\/fr\/wp-json\/wp\/v2\/pages"}],"about":[{"href":"http:\/\/hoch-rep.com\/fr\/wp-json\/wp\/v2\/types\/page"}],"author":[{"embeddable":true,"href":"http:\/\/hoch-rep.com\/fr\/wp-json\/wp\/v2\/users\/6"}],"replies":[{"embeddable":true,"href":"http:\/\/hoch-rep.com\/fr\/wp-json\/wp\/v2\/comments?post=6335"}],"version-history":[{"count":16,"href":"http:\/\/hoch-rep.com\/fr\/wp-json\/wp\/v2\/pages\/6335\/revisions"}],"predecessor-version":[{"id":8020,"href":"http:\/\/hoch-rep.com\/fr\/wp-json\/wp\/v2\/pages\/6335\/revisions\/8020"}],"up":[{"embeddable":true,"href":"http:\/\/hoch-rep.com\/fr\/wp-json\/wp\/v2\/pages\/6259"}],"wp:attachment":[{"href":"http:\/\/hoch-rep.com\/fr\/wp-json\/wp\/v2\/media?parent=6335"}],"curies":[{"name":"wp","href":"https:\/\/api.w.org\/{rel}","templated":true}]}}