{"id":6902,"date":"2024-09-25T13:37:08","date_gmt":"2024-09-25T11:37:08","guid":{"rendered":"https:\/\/hoch-rep.com\/?page_id=6902"},"modified":"2026-01-15T12:49:36","modified_gmt":"2026-01-15T11:49:36","slug":"tierpreisliste-2-2","status":"publish","type":"page","link":"http:\/\/hoch-rep.com\/fr\/tierpreisliste-2-2\/","title":{"rendered":"Liste de prix des animaux"},"content":{"rendered":"<div data-elementor-type=\"wp-page\" data-elementor-id=\"6902\" class=\"elementor elementor-6902\" data-elementor-post-type=\"page\">\n\t\t\t\t\t\t<section class=\"elementor-section elementor-top-section elementor-element elementor-element-9292ee6 elementor-section-boxed elementor-section-height-default elementor-section-height-default\" data-id=\"9292ee6\" data-element_type=\"section\" data-e-type=\"section\">\n\t\t\t\t\t\t<div class=\"elementor-container elementor-column-gap-default\">\n\t\t\t\t\t<div class=\"elementor-column elementor-col-100 elementor-top-column elementor-element elementor-element-925b13b\" data-id=\"925b13b\" data-element_type=\"column\" data-e-type=\"column\" id=\"content\">\n\t\t\t<div class=\"elementor-widget-wrap elementor-element-populated\">\n\t\t\t\t\t\t<div class=\"elementor-element elementor-element-3138db9 elementor-widget elementor-widget-heading\" data-id=\"3138db9\" data-element_type=\"widget\" data-e-type=\"widget\" data-widget_type=\"heading.default\">\n\t\t\t\t<div class=\"elementor-widget-container\">\n\t\t\t\t\t<h1 class=\"elementor-heading-title elementor-size-default\">Liste de prix des animaux<\/h1>\t\t\t\t<\/div>\n\t\t\t\t<\/div>\n\t\t\t\t<div class=\"elementor-element elementor-element-168c17b elementor-widget elementor-widget-text-editor\" data-id=\"168c17b\" data-element_type=\"widget\" data-e-type=\"widget\" data-widget_type=\"text-editor.default\">\n\t\t\t\t<div class=\"elementor-widget-container\">\n\t\t\t\t\t\t\t\t\t<p style=\"text-align: center;\">Si vous souhaitez avoir acc\u00e8s \u00e0 la liste des professionnels ou des grossistes, veuillez vous adresser \u00e0 l'adresse e-mail suivante : <strong>bestellung@hoch-rep.com<\/strong><br \/>C'est avec plaisir que nous vous fournirons, apr\u00e8s confirmation de votre m\u00e9tier, les donn\u00e9es d'inscription pour consulter la liste des prix des animaux.<\/p><p style=\"text-align: center;\">Si vous souhaitez recevoir automatiquement la liste des prix des animaux, vous pouvez vous inscrire \u00e0 notre newsletter par e-mail. Pour ce faire, veuillez envoyer un e-mail \u00e0 : <strong>bestellung@hoch-rep.com<\/strong><\/p><p style=\"text-align: center;\">N'h\u00e9sitez pas \u00e0 nous contacter si vous avez des questions ou des souhaits suppl\u00e9mentaires. Nous nous ferons un plaisir de vous fournir une liste de prix individuelle pour les animaux.<\/p><p style=\"text-align: center;\">T\u00e9l\u00e9phone : +49 (0)7681\/4032-0<br \/>T\u00e9l\u00e9copieur : +49 (0) 7681 \/ 4032-51<br \/>Courrier \u00e9lectronique : info@hoch-rep.com<\/p>\t\t\t\t\t\t\t\t<\/div>\n\t\t\t\t<\/div>\n\t\t\t\t\t<\/div>\n\t\t<\/div>\n\t\t\t\t\t<\/div>\n\t\t<\/section>\n\t\t\t\t<section class=\"elementor-section elementor-top-section elementor-element elementor-element-576b88c elementor-section-boxed elementor-section-height-default elementor-section-height-default\" data-id=\"576b88c\" data-element_type=\"section\" data-e-type=\"section\">\n\t\t\t\t\t\t<div class=\"elementor-container elementor-column-gap-default\">\n\t\t\t\t\t<div class=\"elementor-column elementor-col-100 elementor-top-column elementor-element elementor-element-7fb2039\" data-id=\"7fb2039\" data-element_type=\"column\" data-e-type=\"column\">\n\t\t\t<div class=\"elementor-widget-wrap elementor-element-populated\">\n\t\t\t\t\t\t<div class=\"elementor-element elementor-element-00f16aa elementor-hidden-mobile elementor-widget elementor-widget-spacer\" data-id=\"00f16aa\" data-element_type=\"widget\" data-e-type=\"widget\" data-widget_type=\"spacer.default\">\n\t\t\t\t<div class=\"elementor-widget-container\">\n\t\t\t\t\t\t\t<div class=\"elementor-spacer\">\n\t\t\t<div class=\"elementor-spacer-inner\"><\/div>\n\t\t<\/div>\n\t\t\t\t\t\t<\/div>\n\t\t\t\t<\/div>\n\t\t\t\t\t<\/div>\n\t\t<\/div>\n\t\t\t\t\t<\/div>\n\t\t<\/section>\n\t\t\t\t<section class=\"elementor-section elementor-top-section elementor-element elementor-element-ad8d8a2 elementor-section-boxed elementor-section-height-default elementor-section-height-default\" data-id=\"ad8d8a2\" data-element_type=\"section\" data-e-type=\"section\">\n\t\t\t\t\t\t<div class=\"elementor-container elementor-column-gap-default\">\n\t\t\t\t\t<div class=\"elementor-column elementor-col-33 elementor-top-column elementor-element elementor-element-f4a6f52\" data-id=\"f4a6f52\" data-element_type=\"column\" data-e-type=\"column\">\n\t\t\t<div class=\"elementor-widget-wrap elementor-element-populated\">\n\t\t\t\t\t\t<div class=\"elementor-element elementor-element-22a1312 elementor-align-justify elementor-widget elementor-widget-button\" data-id=\"22a1312\" data-element_type=\"widget\" data-e-type=\"widget\" data-widget_type=\"button.default\">\n\t\t\t\t<div class=\"elementor-widget-container\">\n\t\t\t\t\t\t\t\t\t<div class=\"elementor-button-wrapper\">\n\t\t\t\t\t<a class=\"elementor-button elementor-button-link elementor-size-md elementor-animation-grow\" href=\"https:\/\/hoch-rep.com\/wp-content\/uploads\/2025\/05\/Stockliste_Endverbraucher_ENG.xlsx\" download=\"Tierliste_Endverbraucher\">\n\t\t\t\t\t\t<span class=\"elementor-button-content-wrapper\">\n\t\t\t\t\t\t\t\t\t<span class=\"elementor-button-text\">Consommateur ENG Excel<\/span>\n\t\t\t\t\t<\/span>\n\t\t\t\t\t<\/a>\n\t\t\t\t<\/div>\n\t\t\t\t\t\t\t\t<\/div>\n\t\t\t\t<\/div>\n\t\t\t\t\t<\/div>\n\t\t<\/div>\n\t\t\t\t<div class=\"elementor-column elementor-col-33 elementor-top-column elementor-element elementor-element-ab480bb\" data-id=\"ab480bb\" data-element_type=\"column\" data-e-type=\"column\">\n\t\t\t<div class=\"elementor-widget-wrap elementor-element-populated\">\n\t\t\t\t\t\t<div class=\"elementor-element elementor-element-5fce11b elementor-align-justify elementor-widget elementor-widget-button\" data-id=\"5fce11b\" data-element_type=\"widget\" data-e-type=\"widget\" data-widget_type=\"button.default\">\n\t\t\t\t<div class=\"elementor-widget-container\">\n\t\t\t\t\t\t\t\t\t<div class=\"elementor-button-wrapper\">\n\t\t\t\t\t<a class=\"elementor-button elementor-button-link elementor-size-md elementor-animation-grow\" href=\"http:\/\/hoch-rep.com\/fr\/tierpreisliste-fachhandel\/\">\n\t\t\t\t\t\t<span class=\"elementor-button-content-wrapper\">\n\t\t\t\t\t\t\t\t\t<span class=\"elementor-button-text\">Commerce sp\u00e9cialis\u00e9<\/span>\n\t\t\t\t\t<\/span>\n\t\t\t\t\t<\/a>\n\t\t\t\t<\/div>\n\t\t\t\t\t\t\t\t<\/div>\n\t\t\t\t<\/div>\n\t\t\t\t\t<\/div>\n\t\t<\/div>\n\t\t\t\t<div class=\"elementor-column elementor-col-33 elementor-top-column elementor-element elementor-element-0324ebf\" data-id=\"0324ebf\" data-element_type=\"column\" data-e-type=\"column\">\n\t\t\t<div class=\"elementor-widget-wrap elementor-element-populated\">\n\t\t\t\t\t\t<div class=\"elementor-element elementor-element-fea5db4 elementor-align-justify elementor-widget elementor-widget-button\" data-id=\"fea5db4\" data-element_type=\"widget\" data-e-type=\"widget\" data-widget_type=\"button.default\">\n\t\t\t\t<div class=\"elementor-widget-container\">\n\t\t\t\t\t\t\t\t\t<div class=\"elementor-button-wrapper\">\n\t\t\t\t\t<a class=\"elementor-button elementor-button-link elementor-size-md elementor-animation-grow\" href=\"http:\/\/hoch-rep.com\/fr\/tierpreisliste-grosshandel\/\">\n\t\t\t\t\t\t<span class=\"elementor-button-content-wrapper\">\n\t\t\t\t\t\t\t\t\t<span class=\"elementor-button-text\">Commerce de gros<\/span>\n\t\t\t\t\t<\/span>\n\t\t\t\t\t<\/a>\n\t\t\t\t<\/div>\n\t\t\t\t\t\t\t\t<\/div>\n\t\t\t\t<\/div>\n\t\t\t\t\t<\/div>\n\t\t<\/div>\n\t\t\t\t\t<\/div>\n\t\t<\/section>\n\t\t\t\t<section class=\"elementor-section elementor-top-section elementor-element elementor-element-0495ed6 elementor-section-boxed elementor-section-height-default elementor-section-height-default\" data-id=\"0495ed6\" data-element_type=\"section\" data-e-type=\"section\">\n\t\t\t\t\t\t<div class=\"elementor-container elementor-column-gap-default\">\n\t\t\t\t\t<div class=\"elementor-column elementor-col-100 elementor-top-column elementor-element elementor-element-95b11ba\" data-id=\"95b11ba\" data-element_type=\"column\" data-e-type=\"column\">\n\t\t\t<div class=\"elementor-widget-wrap elementor-element-populated\">\n\t\t\t\t\t\t<div class=\"elementor-element elementor-element-e11666a elementor-widget elementor-widget-spacer\" data-id=\"e11666a\" data-element_type=\"widget\" data-e-type=\"widget\" data-widget_type=\"spacer.default\">\n\t\t\t\t<div class=\"elementor-widget-container\">\n\t\t\t\t\t\t\t<div class=\"elementor-spacer\">\n\t\t\t<div class=\"elementor-spacer-inner\"><\/div>\n\t\t<\/div>\n\t\t\t\t\t\t<\/div>\n\t\t\t\t<\/div>\n\t\t\t\t\t<\/div>\n\t\t<\/div>\n\t\t\t\t\t<\/div>\n\t\t<\/section>\n\t\t\t\t<\/div>","protected":false},"excerpt":{"rendered":"<p>Tierpreisliste Wenn Sie Zugriff zu der Fach- oder Gro\u00dfhandelsliste erhalten m\u00f6chten, wenden Sie sich bitte an folgende Mailadresse: bestellung@hoch-rep.comGerne stellen wir Ihnen nach der Best\u00e4tigung Ihres Gewerbes die Anmeldedaten zum Abrufen der Tierpreisliste zur Verf\u00fcgung. Falls Sie die Tierpreisliste gerne automatisch erhalten m\u00f6chten, k\u00f6nnen Sie sich f\u00fcr unseren Mail-Newsletter anmelden. Senden Sie hierzu bitte eine [&hellip;]<\/p>\n","protected":false},"author":6,"featured_media":0,"parent":0,"menu_order":0,"comment_status":"closed","ping_status":"closed","template":"elementor_header_footer","meta":{"footnotes":""},"class_list":["post-6902","page","type-page","status-publish","hentry"],"yoast_head":"<!-- This site is optimized with the Yoast SEO plugin v25.5 - https:\/\/yoast.com\/wordpress\/plugins\/seo\/ -->\n<title>Tierpreisliste - Import-Export Peter Hoch GmbH<\/title>\n<meta name=\"robots\" content=\"index, follow, max-snippet:-1, max-image-preview:large, max-video-preview:-1\" \/>\n<link rel=\"canonical\" href=\"https:\/\/hoch-rep.com\/fr\/tierpreisliste-2-2\/\" \/>\n<meta property=\"og:locale\" content=\"fr_FR\" \/>\n<meta property=\"og:type\" content=\"article\" \/>\n<meta property=\"og:title\" content=\"Tierpreisliste - Import-Export Peter Hoch GmbH\" \/>\n<meta property=\"og:description\" content=\"Tierpreisliste Wenn Sie Zugriff zu der Fach- oder Gro\u00dfhandelsliste erhalten m\u00f6chten, wenden Sie sich bitte an folgende Mailadresse: bestellung@hoch-rep.comGerne stellen wir Ihnen nach der Best\u00e4tigung Ihres Gewerbes die Anmeldedaten zum Abrufen der Tierpreisliste zur Verf\u00fcgung. Falls Sie die Tierpreisliste gerne automatisch erhalten m\u00f6chten, k\u00f6nnen Sie sich f\u00fcr unseren Mail-Newsletter anmelden. Senden Sie hierzu bitte eine [&hellip;]\" \/>\n<meta property=\"og:url\" content=\"https:\/\/hoch-rep.com\/fr\/tierpreisliste-2-2\/\" \/>\n<meta property=\"og:site_name\" content=\"Import-Export Peter Hoch GmbH\" \/>\n<meta property=\"article:publisher\" content=\"https:\/\/www.facebook.com\/hochrep\/\" \/>\n<meta property=\"article:modified_time\" content=\"2026-01-15T11:49:36+00:00\" \/>\n<meta name=\"twitter:card\" content=\"summary_large_image\" \/>\n<meta name=\"twitter:label1\" content=\"Dur\u00e9e de lecture estim\u00e9e\" \/>\n\t<meta name=\"twitter:data1\" content=\"1 minute\" \/>\n<script type=\"application\/ld+json\" class=\"yoast-schema-graph\">{\"@context\":\"https:\/\/schema.org\",\"@graph\":[{\"@type\":\"WebPage\",\"@id\":\"https:\/\/hoch-rep.com\/tierpreisliste-2-2\/\",\"url\":\"https:\/\/hoch-rep.com\/tierpreisliste-2-2\/\",\"name\":\"Tierpreisliste - Import-Export Peter Hoch GmbH\",\"isPartOf\":{\"@id\":\"https:\/\/hoch-rep.com\/#website\"},\"datePublished\":\"2024-09-25T11:37:08+00:00\",\"dateModified\":\"2026-01-15T11:49:36+00:00\",\"breadcrumb\":{\"@id\":\"https:\/\/hoch-rep.com\/tierpreisliste-2-2\/#breadcrumb\"},\"inLanguage\":\"fr-FR\",\"potentialAction\":[{\"@type\":\"ReadAction\",\"target\":[\"https:\/\/hoch-rep.com\/tierpreisliste-2-2\/\"]}]},{\"@type\":\"BreadcrumbList\",\"@id\":\"https:\/\/hoch-rep.com\/tierpreisliste-2-2\/#breadcrumb\",\"itemListElement\":[{\"@type\":\"ListItem\",\"position\":1,\"name\":\"Startseite\",\"item\":\"https:\/\/hoch-rep.com\/\"},{\"@type\":\"ListItem\",\"position\":2,\"name\":\"Tierpreisliste\"}]},{\"@type\":\"WebSite\",\"@id\":\"https:\/\/hoch-rep.com\/#website\",\"url\":\"https:\/\/hoch-rep.com\/\",\"name\":\"Import-Export Peter Hoch GmbH\",\"description\":\"\",\"publisher\":{\"@id\":\"https:\/\/hoch-rep.com\/#organization\"},\"potentialAction\":[{\"@type\":\"SearchAction\",\"target\":{\"@type\":\"EntryPoint\",\"urlTemplate\":\"https:\/\/hoch-rep.com\/?s={search_term_string}\"},\"query-input\":{\"@type\":\"PropertyValueSpecification\",\"valueRequired\":true,\"valueName\":\"search_term_string\"}}],\"inLanguage\":\"fr-FR\"},{\"@type\":\"Organization\",\"@id\":\"https:\/\/hoch-rep.com\/#organization\",\"name\":\"Import-Export Peter Hoch GmbH\",\"url\":\"https:\/\/hoch-rep.com\/\",\"logo\":{\"@type\":\"ImageObject\",\"inLanguage\":\"fr-FR\",\"@id\":\"https:\/\/hoch-rep.com\/#\/schema\/logo\/image\/\",\"url\":\"https:\/\/hoch-rep.com\/wp-content\/uploads\/2023\/08\/Hoch_Logo_2023-1.png\",\"contentUrl\":\"https:\/\/hoch-rep.com\/wp-content\/uploads\/2023\/08\/Hoch_Logo_2023-1.png\",\"width\":8843,\"height\":2207,\"caption\":\"Import-Export Peter Hoch GmbH\"},\"image\":{\"@id\":\"https:\/\/hoch-rep.com\/#\/schema\/logo\/image\/\"},\"sameAs\":[\"https:\/\/www.facebook.com\/hochrep\/\",\"https:\/\/www.linkedin.com\/company\/import-export-peter-hoch-gmbh\/\",\"https:\/\/www.instagram.com\/import_export_hoch\/\"]}]}<\/script>\n<!-- \/ Yoast SEO plugin. -->","yoast_head_json":{"title":"Liste de prix des animaux - Import-Export Peter Hoch GmbH","robots":{"index":"index","follow":"follow","max-snippet":"max-snippet:-1","max-image-preview":"max-image-preview:large","max-video-preview":"max-video-preview:-1"},"canonical":"https:\/\/hoch-rep.com\/fr\/tierpreisliste-2-2\/","og_locale":"fr_FR","og_type":"article","og_title":"Tierpreisliste - Import-Export Peter Hoch GmbH","og_description":"Tierpreisliste Wenn Sie Zugriff zu der Fach- oder Gro\u00dfhandelsliste erhalten m\u00f6chten, wenden Sie sich bitte an folgende Mailadresse: bestellung@hoch-rep.comGerne stellen wir Ihnen nach der Best\u00e4tigung Ihres Gewerbes die Anmeldedaten zum Abrufen der Tierpreisliste zur Verf\u00fcgung. Falls Sie die Tierpreisliste gerne automatisch erhalten m\u00f6chten, k\u00f6nnen Sie sich f\u00fcr unseren Mail-Newsletter anmelden. Senden Sie hierzu bitte eine [&hellip;]","og_url":"https:\/\/hoch-rep.com\/fr\/tierpreisliste-2-2\/","og_site_name":"Import-Export Peter Hoch GmbH","article_publisher":"https:\/\/www.facebook.com\/hochrep\/","article_modified_time":"2026-01-15T11:49:36+00:00","twitter_card":"summary_large_image","twitter_misc":{"Dur\u00e9e de lecture estim\u00e9e":"1 minute"},"schema":{"@context":"https:\/\/schema.org","@graph":[{"@type":"WebPage","@id":"https:\/\/hoch-rep.com\/tierpreisliste-2-2\/","url":"https:\/\/hoch-rep.com\/tierpreisliste-2-2\/","name":"Liste de prix des animaux - Import-Export Peter Hoch GmbH","isPartOf":{"@id":"https:\/\/hoch-rep.com\/#website"},"datePublished":"2024-09-25T11:37:08+00:00","dateModified":"2026-01-15T11:49:36+00:00","breadcrumb":{"@id":"https:\/\/hoch-rep.com\/tierpreisliste-2-2\/#breadcrumb"},"inLanguage":"fr-FR","potentialAction":[{"@type":"ReadAction","target":["https:\/\/hoch-rep.com\/tierpreisliste-2-2\/"]}]},{"@type":"BreadcrumbList","@id":"https:\/\/hoch-rep.com\/tierpreisliste-2-2\/#breadcrumb","itemListElement":[{"@type":"ListItem","position":1,"name":"Startseite","item":"https:\/\/hoch-rep.com\/"},{"@type":"ListItem","position":2,"name":"Tierpreisliste"}]},{"@type":"WebSite","@id":"https:\/\/hoch-rep.com\/#website","url":"https:\/\/hoch-rep.com\/","name":"Import-Export Peter Hoch GmbH","description":"","publisher":{"@id":"https:\/\/hoch-rep.com\/#organization"},"potentialAction":[{"@type":"SearchAction","target":{"@type":"EntryPoint","urlTemplate":"https:\/\/hoch-rep.com\/?s={search_term_string}"},"query-input":{"@type":"PropertyValueSpecification","valueRequired":true,"valueName":"search_term_string"}}],"inLanguage":"fr-FR"},{"@type":"Organization","@id":"https:\/\/hoch-rep.com\/#organization","name":"Import-Export Peter Hoch GmbH","url":"https:\/\/hoch-rep.com\/","logo":{"@type":"ImageObject","inLanguage":"fr-FR","@id":"https:\/\/hoch-rep.com\/#\/schema\/logo\/image\/","url":"https:\/\/hoch-rep.com\/wp-content\/uploads\/2023\/08\/Hoch_Logo_2023-1.png","contentUrl":"https:\/\/hoch-rep.com\/wp-content\/uploads\/2023\/08\/Hoch_Logo_2023-1.png","width":8843,"height":2207,"caption":"Import-Export Peter Hoch GmbH"},"image":{"@id":"https:\/\/hoch-rep.com\/#\/schema\/logo\/image\/"},"sameAs":["https:\/\/www.facebook.com\/hochrep\/","https:\/\/www.linkedin.com\/company\/import-export-peter-hoch-gmbh\/","https:\/\/www.instagram.com\/import_export_hoch\/"]}]}},"_links":{"self":[{"href":"http:\/\/hoch-rep.com\/fr\/wp-json\/wp\/v2\/pages\/6902"}],"collection":[{"href":"http:\/\/hoch-rep.com\/fr\/wp-json\/wp\/v2\/pages"}],"about":[{"href":"http:\/\/hoch-rep.com\/fr\/wp-json\/wp\/v2\/types\/page"}],"author":[{"embeddable":true,"href":"http:\/\/hoch-rep.com\/fr\/wp-json\/wp\/v2\/users\/6"}],"replies":[{"embeddable":true,"href":"http:\/\/hoch-rep.com\/fr\/wp-json\/wp\/v2\/comments?post=6902"}],"version-history":[{"count":185,"href":"http:\/\/hoch-rep.com\/fr\/wp-json\/wp\/v2\/pages\/6902\/revisions"}],"predecessor-version":[{"id":8557,"href":"http:\/\/hoch-rep.com\/fr\/wp-json\/wp\/v2\/pages\/6902\/revisions\/8557"}],"wp:attachment":[{"href":"http:\/\/hoch-rep.com\/fr\/wp-json\/wp\/v2\/media?parent=6902"}],"curies":[{"name":"wp","href":"https:\/\/api.w.org\/{rel}","templated":true}]}}