{"id":6164,"date":"2024-03-13T15:11:58","date_gmt":"2024-03-13T14:11:58","guid":{"rendered":"https:\/\/hoch-rep.com\/?page_id=6164"},"modified":"2024-03-21T11:29:44","modified_gmt":"2024-03-21T10:29:44","slug":"pogona-vitticeps","status":"publish","type":"page","link":"https:\/\/hoch-rep.com\/en\/tiersteckbriefe\/echsen\/agamen\/pogona-vitticeps\/","title":{"rendered":"Bearded dragon - Pogona vitticeps"},"content":{"rendered":"<div data-elementor-type=\"wp-page\" data-elementor-id=\"6164\" class=\"elementor elementor-6164\" data-elementor-post-type=\"page\">\n\t\t\t\t\t\t<section class=\"elementor-section elementor-top-section elementor-element elementor-element-fb3046f elementor-section-boxed elementor-section-height-default elementor-section-height-default\" data-id=\"fb3046f\" data-element_type=\"section\" data-e-type=\"section\">\n\t\t\t\t\t\t<div class=\"elementor-container elementor-column-gap-default\">\n\t\t\t\t\t<div class=\"elementor-column elementor-col-100 elementor-top-column elementor-element elementor-element-87b17ec\" data-id=\"87b17ec\" data-element_type=\"column\" data-e-type=\"column\">\n\t\t\t<div class=\"elementor-widget-wrap elementor-element-populated\">\n\t\t\t\t\t\t<div class=\"elementor-element elementor-element-5d4d16e elementor-widget elementor-widget-global elementor-global-6637 elementor-widget-breadcrumbs\" data-id=\"5d4d16e\" data-element_type=\"widget\" data-e-type=\"widget\" data-widget_type=\"breadcrumbs.default\">\n\t\t\t\t<div class=\"elementor-widget-container\">\n\t\t\t\t\t<p id=\"breadcrumbs\"><span><span><a href=\"https:\/\/hoch-rep.com\/en\/\">Home page<\/a><\/span><\/span><\/p>\t\t\t\t<\/div>\n\t\t\t\t<\/div>\n\t\t\t\t\t<\/div>\n\t\t<\/div>\n\t\t\t\t\t<\/div>\n\t\t<\/section>\n\t\t\t\t<section class=\"elementor-section elementor-top-section elementor-element elementor-element-e087e9a elementor-section-boxed elementor-section-height-default elementor-section-height-default\" data-id=\"e087e9a\" data-element_type=\"section\" data-e-type=\"section\">\n\t\t\t\t\t\t<div class=\"elementor-container elementor-column-gap-default\">\n\t\t\t\t\t<div class=\"elementor-column elementor-col-100 elementor-top-column elementor-element elementor-element-33d8468\" data-id=\"33d8468\" data-element_type=\"column\" data-e-type=\"column\">\n\t\t\t<div class=\"elementor-widget-wrap elementor-element-populated\">\n\t\t\t\t\t\t<div class=\"elementor-element elementor-element-dd103fa elementor-hidden-mobile elementor-widget elementor-widget-spacer\" data-id=\"dd103fa\" data-element_type=\"widget\" data-e-type=\"widget\" data-widget_type=\"spacer.default\">\n\t\t\t\t<div class=\"elementor-widget-container\">\n\t\t\t\t\t\t\t<div class=\"elementor-spacer\">\n\t\t\t<div class=\"elementor-spacer-inner\"><\/div>\n\t\t<\/div>\n\t\t\t\t\t\t<\/div>\n\t\t\t\t<\/div>\n\t\t\t\t\t<\/div>\n\t\t<\/div>\n\t\t\t\t\t<\/div>\n\t\t<\/section>\n\t\t\t\t<section class=\"elementor-section elementor-top-section elementor-element elementor-element-ed7186a elementor-section-boxed elementor-section-height-default elementor-section-height-default\" data-id=\"ed7186a\" data-element_type=\"section\" data-e-type=\"section\">\n\t\t\t\t\t\t<div class=\"elementor-container elementor-column-gap-default\">\n\t\t\t\t\t<div class=\"elementor-column elementor-col-50 elementor-top-column elementor-element elementor-element-e1d6175\" data-id=\"e1d6175\" data-element_type=\"column\" data-e-type=\"column\">\n\t\t\t<div class=\"elementor-widget-wrap elementor-element-populated\">\n\t\t\t\t\t\t<div class=\"elementor-element elementor-element-5ead8f0 elementor-widget elementor-widget-heading\" data-id=\"5ead8f0\" data-element_type=\"widget\" data-e-type=\"widget\" data-widget_type=\"heading.default\">\n\t\t\t\t<div class=\"elementor-widget-container\">\n\t\t\t\t\t<h2 class=\"elementor-heading-title elementor-size-default\">Bearded dragon<\/h2>\t\t\t\t<\/div>\n\t\t\t\t<\/div>\n\t\t\t\t<div class=\"elementor-element elementor-element-f7a11b5 elementor-widget elementor-widget-heading\" data-id=\"f7a11b5\" data-element_type=\"widget\" data-e-type=\"widget\" data-widget_type=\"heading.default\">\n\t\t\t\t<div class=\"elementor-widget-container\">\n\t\t\t\t\t<h2 class=\"elementor-heading-title elementor-size-default\">Pogona vitticeps<\/h2>\t\t\t\t<\/div>\n\t\t\t\t<\/div>\n\t\t\t\t\t<\/div>\n\t\t<\/div>\n\t\t\t\t<div class=\"elementor-column elementor-col-50 elementor-top-column elementor-element elementor-element-0ac7b06\" data-id=\"0ac7b06\" data-element_type=\"column\" data-e-type=\"column\">\n\t\t\t<div class=\"elementor-widget-wrap\">\n\t\t\t\t\t\t\t<\/div>\n\t\t<\/div>\n\t\t\t\t\t<\/div>\n\t\t<\/section>\n\t\t\t\t<section class=\"elementor-section elementor-top-section elementor-element elementor-element-ce6bf5a elementor-section-boxed elementor-section-height-default elementor-section-height-default\" data-id=\"ce6bf5a\" data-element_type=\"section\" data-e-type=\"section\">\n\t\t\t\t\t\t<div class=\"elementor-container elementor-column-gap-default\">\n\t\t\t\t\t<div class=\"elementor-column elementor-col-100 elementor-top-column elementor-element elementor-element-80ac89b\" data-id=\"80ac89b\" data-element_type=\"column\" data-e-type=\"column\">\n\t\t\t<div class=\"elementor-widget-wrap elementor-element-populated\">\n\t\t\t\t\t\t<div class=\"elementor-element elementor-element-42eed47 elementor-widget elementor-widget-spacer\" data-id=\"42eed47\" data-element_type=\"widget\" data-e-type=\"widget\" data-widget_type=\"spacer.default\">\n\t\t\t\t<div class=\"elementor-widget-container\">\n\t\t\t\t\t\t\t<div class=\"elementor-spacer\">\n\t\t\t<div class=\"elementor-spacer-inner\"><\/div>\n\t\t<\/div>\n\t\t\t\t\t\t<\/div>\n\t\t\t\t<\/div>\n\t\t\t\t\t<\/div>\n\t\t<\/div>\n\t\t\t\t\t<\/div>\n\t\t<\/section>\n\t\t\t\t<section class=\"elementor-section elementor-top-section elementor-element elementor-element-7311b10 elementor-section-boxed elementor-section-height-default elementor-section-height-default\" data-id=\"7311b10\" data-element_type=\"section\" data-e-type=\"section\">\n\t\t\t\t\t\t<div class=\"elementor-container elementor-column-gap-default\">\n\t\t\t\t\t<div class=\"elementor-column elementor-col-100 elementor-top-column elementor-element elementor-element-d8a4825\" data-id=\"d8a4825\" data-element_type=\"column\" data-e-type=\"column\">\n\t\t\t<div class=\"elementor-widget-wrap elementor-element-populated\">\n\t\t\t\t\t\t<div class=\"elementor-element elementor-element-ddc2ce4 elementor-widget elementor-widget-text-editor\" data-id=\"ddc2ce4\" data-element_type=\"widget\" data-e-type=\"widget\" data-widget_type=\"text-editor.default\">\n\t\t\t\t<div class=\"elementor-widget-container\">\n\t\t\t\t\t\t\t\t\t<p><b data-wp-editing=\"1\"><img fetchpriority=\"high\" decoding=\"async\" class=\"alignright wp-image-6202\" src=\"https:\/\/hoch-rep.com\/wp-content\/uploads\/2024\/03\/pogona-vitticeps-PH-002-1024x681.png\" alt=\"\" width=\"560\" height=\"372\" srcset=\"https:\/\/hoch-rep.com\/wp-content\/uploads\/2024\/03\/pogona-vitticeps-PH-002-1024x681.png 1024w, https:\/\/hoch-rep.com\/wp-content\/uploads\/2024\/03\/pogona-vitticeps-PH-002-300x199.png 300w, https:\/\/hoch-rep.com\/wp-content\/uploads\/2024\/03\/pogona-vitticeps-PH-002-768x511.png 768w, https:\/\/hoch-rep.com\/wp-content\/uploads\/2024\/03\/pogona-vitticeps-PH-002-1536x1021.png 1536w, https:\/\/hoch-rep.com\/wp-content\/uploads\/2024\/03\/pogona-vitticeps-PH-002-2048x1362.png 2048w, https:\/\/hoch-rep.com\/wp-content\/uploads\/2024\/03\/pogona-vitticeps-PH-002-18x12.png 18w\" sizes=\"(max-width: 560px) 100vw, 560px\" \/>Protection status<\/b><\/p><p>Protected in Australia. None\u00a0<span style=\"color: var( --e-global-color-primary );\">international protection. Only offspring\u00a0<\/span><span style=\"color: var( --e-global-color-primary );\">available.<\/span><\/p><p><b>Distribution<\/b><\/p><p>Central Australia\u00a0<\/p><p><span style=\"color: var( --e-global-color-primary );\"><b>Habitat<\/b><\/span><\/p><p>Bush and tree-covered dry\u00a0<span style=\"color: var( --e-global-color-primary );\">Areas, diurnal<\/span><\/p><p><b>Size<\/b><\/p><p>Large males in the wild\u00a0<span style=\"color: var( --e-global-color-primary );\">up to 60 cm. Offspring are clearly\u00a0<\/span><span style=\"color: var( --e-global-color-primary ); letter-spacing: 0px;\">smaller - as a rule they reach\u00a0<\/span><span style=\"color: var( --e-global-color-primary ); letter-spacing: 0px;\">only 40-45 cm GL.<\/span><\/p><p><b>Life expectancy<\/b><\/p><p>over 9 years<\/p><p><b>Temperature<\/b><\/p><p><span style=\"color: var( --e-global-color-primary );\">Air temperatures between 25-32\u00b0C. Lowering to room temperature at night. Under radiant heaters\u00a0<\/span><span style=\"color: var( --e-global-color-primary );\">Temperatures up to 50\u00b0C (measured on stone).<\/span><\/p><p><b>Air humidity<\/b><\/p><p>30-40% slightly higher at night, whereby 60% should not be exceeded.<\/p><p><b>Terrarium size<\/b><\/p><p>Minimum requirement 5x4x3 (LxWxH) of the KRL for a pair. As a rule, for example, a FurniTarrium with the\u00a0<span style=\"color: var( --e-global-color-primary );\">Base area 120\u00d760 for 2-3 adult animals fits well.<\/span><\/p><p><b>Lining<\/b><\/p><p>Special ready-made food, e.g. Lucky Reptile Bearded Dragon Mix, live insects or alternatively\u00a0<span style=\"color: var( --e-global-color-primary );\">Canned insects such as the Lucky Reptile Herp Diner canned series. Vegetarian food such as special\u00a0<\/span><span style=\"color: var( --e-global-color-primary );\">Food plants from the pet shop, meadow herbs such as dandelion, ribwort plantain, clover, etc. but\u00a0<\/span><span style=\"color: var( --e-global-color-primary );\">also vegetables such as carrots and peppers. Dried herbs and flowers from the garden are also ideal.\u00a0<\/span><span style=\"color: var( --e-global-color-primary );\">Pet shops, such as Lucky Reptile Flower Mix.\u00a0<\/span><\/p><p><span style=\"color: var( --e-global-color-primary );\">Young animals are predominantly insectivorous while adults mainly eat plants.\u00a0<\/span><span style=\"color: var( --e-global-color-primary );\">Please do not feed vegetables containing oxalic acid such as tomatoes and spinach! Fruit only in VERY small quantities\u00a0<\/span><span style=\"color: var( --e-global-color-primary );\">Quantities as a tidbit.<\/span><\/p>\t\t\t\t\t\t\t\t<\/div>\n\t\t\t\t<\/div>\n\t\t\t\t<div class=\"elementor-element elementor-element-e9f3d16 elementor-widget elementor-widget-spacer\" data-id=\"e9f3d16\" data-element_type=\"widget\" data-e-type=\"widget\" data-widget_type=\"spacer.default\">\n\t\t\t\t<div class=\"elementor-widget-container\">\n\t\t\t\t\t\t\t<div class=\"elementor-spacer\">\n\t\t\t<div class=\"elementor-spacer-inner\"><\/div>\n\t\t<\/div>\n\t\t\t\t\t\t<\/div>\n\t\t\t\t<\/div>\n\t\t\t\t\t<\/div>\n\t\t<\/div>\n\t\t\t\t\t<\/div>\n\t\t<\/section>\n\t\t\t\t<section class=\"elementor-section elementor-top-section elementor-element elementor-element-e899e97 elementor-section-boxed elementor-section-height-default elementor-section-height-default\" data-id=\"e899e97\" data-element_type=\"section\" data-e-type=\"section\">\n\t\t\t\t\t\t<div class=\"elementor-container elementor-column-gap-default\">\n\t\t\t\t\t<div class=\"elementor-column elementor-col-100 elementor-top-column elementor-element elementor-element-fd70662\" data-id=\"fd70662\" data-element_type=\"column\" data-e-type=\"column\">\n\t\t\t<div class=\"elementor-widget-wrap\">\n\t\t\t\t\t\t\t<\/div>\n\t\t<\/div>\n\t\t\t\t\t<\/div>\n\t\t<\/section>\n\t\t\t\t<\/div>","protected":false},"excerpt":{"rendered":"<p>Bartagame Pogona vitticeps Schutzstatus In Australien geschu\u0308tzt. Kein\u00a0internationaler Schutz. Nur Nachzuchten\u00a0erh\u00e4ltlich. Verbreitung Zentral-Australien\u00a0 Lebensraum Busch- und baumbestandene trockene\u00a0Areale, tagaktiv Gr\u00f6\u00dfe Gro\u00dfe M\u00e4nnchen werden in der Natur\u00a0bis 60 cm. Nachzuchten sind deutlich\u00a0kleiner &#8211; in der Regel erreichen sie\u00a0lediglich 40-45 cm GL. Lebenserwartung u\u0308ber 9 Jahre Temperatur Lufttemperaturen zwischen 25-32\u00b0C. Nachtabsenkung auf Zimmertemperatur. Unter W\u00e4rmestrahlern\u00a0Temperaturen bis zu [&hellip;]<\/p>\n","protected":false},"author":1,"featured_media":0,"parent":6439,"menu_order":0,"comment_status":"closed","ping_status":"closed","template":"elementor_header_footer","meta":{"footnotes":""},"class_list":["post-6164","page","type-page","status-publish","hentry"],"yoast_head":"<!-- This site is optimized with the Yoast SEO plugin v25.5 - https:\/\/yoast.com\/wordpress\/plugins\/seo\/ -->\n<title>Bartagame - Pogona vitticeps - Import-Export Peter Hoch GmbH<\/title>\n<meta name=\"robots\" content=\"index, follow, max-snippet:-1, max-image-preview:large, max-video-preview:-1\" \/>\n<link rel=\"canonical\" href=\"https:\/\/hoch-rep.com\/en\/tiersteckbriefe\/echsen\/agamen\/pogona-vitticeps\/\" \/>\n<meta property=\"og:locale\" content=\"en_GB\" \/>\n<meta property=\"og:type\" content=\"article\" \/>\n<meta property=\"og:title\" content=\"Bartagame - Pogona vitticeps - Import-Export Peter Hoch GmbH\" \/>\n<meta property=\"og:description\" content=\"Bartagame Pogona vitticeps Schutzstatus In Australien geschu\u0308tzt. Kein\u00a0internationaler Schutz. Nur Nachzuchten\u00a0erh\u00e4ltlich. Verbreitung Zentral-Australien\u00a0 Lebensraum Busch- und baumbestandene trockene\u00a0Areale, tagaktiv Gr\u00f6\u00dfe Gro\u00dfe M\u00e4nnchen werden in der Natur\u00a0bis 60 cm. Nachzuchten sind deutlich\u00a0kleiner &#8211; in der Regel erreichen sie\u00a0lediglich 40-45 cm GL. Lebenserwartung u\u0308ber 9 Jahre Temperatur Lufttemperaturen zwischen 25-32\u00b0C. Nachtabsenkung auf Zimmertemperatur. Unter W\u00e4rmestrahlern\u00a0Temperaturen bis zu [&hellip;]\" \/>\n<meta property=\"og:url\" content=\"https:\/\/hoch-rep.com\/en\/tiersteckbriefe\/echsen\/agamen\/pogona-vitticeps\/\" \/>\n<meta property=\"og:site_name\" content=\"Import-Export Peter Hoch GmbH\" \/>\n<meta property=\"article:publisher\" content=\"https:\/\/www.facebook.com\/hochrep\/\" \/>\n<meta property=\"article:modified_time\" content=\"2024-03-21T10:29:44+00:00\" \/>\n<meta property=\"og:image\" content=\"https:\/\/hoch-rep.com\/wp-content\/uploads\/2024\/03\/pogona-vitticeps-PH-002-1024x681.png\" \/>\n<meta name=\"twitter:card\" content=\"summary_large_image\" \/>\n<meta name=\"twitter:label1\" content=\"Estimated reading time\" \/>\n\t<meta name=\"twitter:data1\" content=\"2 minutes\" \/>\n<script type=\"application\/ld+json\" class=\"yoast-schema-graph\">{\"@context\":\"https:\/\/schema.org\",\"@graph\":[{\"@type\":\"WebPage\",\"@id\":\"https:\/\/hoch-rep.com\/tiersteckbriefe\/echsen\/agamen\/pogona-vitticeps\/\",\"url\":\"https:\/\/hoch-rep.com\/tiersteckbriefe\/echsen\/agamen\/pogona-vitticeps\/\",\"name\":\"Bartagame - Pogona vitticeps - Import-Export Peter Hoch GmbH\",\"isPartOf\":{\"@id\":\"https:\/\/hoch-rep.com\/#website\"},\"primaryImageOfPage\":{\"@id\":\"https:\/\/hoch-rep.com\/tiersteckbriefe\/echsen\/agamen\/pogona-vitticeps\/#primaryimage\"},\"image\":{\"@id\":\"https:\/\/hoch-rep.com\/tiersteckbriefe\/echsen\/agamen\/pogona-vitticeps\/#primaryimage\"},\"thumbnailUrl\":\"https:\/\/hoch-rep.com\/wp-content\/uploads\/2024\/03\/pogona-vitticeps-PH-002-1024x681.png\",\"datePublished\":\"2024-03-13T14:11:58+00:00\",\"dateModified\":\"2024-03-21T10:29:44+00:00\",\"breadcrumb\":{\"@id\":\"https:\/\/hoch-rep.com\/tiersteckbriefe\/echsen\/agamen\/pogona-vitticeps\/#breadcrumb\"},\"inLanguage\":\"en-GB\",\"potentialAction\":[{\"@type\":\"ReadAction\",\"target\":[\"https:\/\/hoch-rep.com\/tiersteckbriefe\/echsen\/agamen\/pogona-vitticeps\/\"]}]},{\"@type\":\"ImageObject\",\"inLanguage\":\"en-GB\",\"@id\":\"https:\/\/hoch-rep.com\/tiersteckbriefe\/echsen\/agamen\/pogona-vitticeps\/#primaryimage\",\"url\":\"https:\/\/hoch-rep.com\/wp-content\/uploads\/2024\/03\/pogona-vitticeps-PH-002-1024x681.png\",\"contentUrl\":\"https:\/\/hoch-rep.com\/wp-content\/uploads\/2024\/03\/pogona-vitticeps-PH-002-1024x681.png\"},{\"@type\":\"BreadcrumbList\",\"@id\":\"https:\/\/hoch-rep.com\/tiersteckbriefe\/echsen\/agamen\/pogona-vitticeps\/#breadcrumb\",\"itemListElement\":[{\"@type\":\"ListItem\",\"position\":1,\"name\":\"Startseite\",\"item\":\"https:\/\/hoch-rep.com\/\"},{\"@type\":\"ListItem\",\"position\":2,\"name\":\"Tiersteckbriefe\",\"item\":\"https:\/\/hoch-rep.com\/tiersteckbriefe\/\"},{\"@type\":\"ListItem\",\"position\":3,\"name\":\"Echsen\",\"item\":\"https:\/\/hoch-rep.com\/tiersteckbriefe\/echsen\/\"},{\"@type\":\"ListItem\",\"position\":4,\"name\":\"Agamen\",\"item\":\"https:\/\/hoch-rep.com\/tiersteckbriefe\/echsen\/agamen\/\"},{\"@type\":\"ListItem\",\"position\":5,\"name\":\"Bartagame &#8211; Pogona vitticeps\"}]},{\"@type\":\"WebSite\",\"@id\":\"https:\/\/hoch-rep.com\/#website\",\"url\":\"https:\/\/hoch-rep.com\/\",\"name\":\"Import-Export Peter Hoch GmbH\",\"description\":\"\",\"publisher\":{\"@id\":\"https:\/\/hoch-rep.com\/#organization\"},\"potentialAction\":[{\"@type\":\"SearchAction\",\"target\":{\"@type\":\"EntryPoint\",\"urlTemplate\":\"https:\/\/hoch-rep.com\/?s={search_term_string}\"},\"query-input\":{\"@type\":\"PropertyValueSpecification\",\"valueRequired\":true,\"valueName\":\"search_term_string\"}}],\"inLanguage\":\"en-GB\"},{\"@type\":\"Organization\",\"@id\":\"https:\/\/hoch-rep.com\/#organization\",\"name\":\"Import-Export Peter Hoch GmbH\",\"url\":\"https:\/\/hoch-rep.com\/\",\"logo\":{\"@type\":\"ImageObject\",\"inLanguage\":\"en-GB\",\"@id\":\"https:\/\/hoch-rep.com\/#\/schema\/logo\/image\/\",\"url\":\"https:\/\/hoch-rep.com\/wp-content\/uploads\/2023\/08\/Hoch_Logo_2023-1.png\",\"contentUrl\":\"https:\/\/hoch-rep.com\/wp-content\/uploads\/2023\/08\/Hoch_Logo_2023-1.png\",\"width\":8843,\"height\":2207,\"caption\":\"Import-Export Peter Hoch GmbH\"},\"image\":{\"@id\":\"https:\/\/hoch-rep.com\/#\/schema\/logo\/image\/\"},\"sameAs\":[\"https:\/\/www.facebook.com\/hochrep\/\",\"https:\/\/www.linkedin.com\/company\/import-export-peter-hoch-gmbh\/\",\"https:\/\/www.instagram.com\/import_export_hoch\/\"]}]}<\/script>\n<!-- \/ Yoast SEO plugin. -->","yoast_head_json":{"title":"Bearded dragon - Pogona vitticeps - Import-Export Peter Hoch GmbH","robots":{"index":"index","follow":"follow","max-snippet":"max-snippet:-1","max-image-preview":"max-image-preview:large","max-video-preview":"max-video-preview:-1"},"canonical":"https:\/\/hoch-rep.com\/en\/tiersteckbriefe\/echsen\/agamen\/pogona-vitticeps\/","og_locale":"en_GB","og_type":"article","og_title":"Bartagame - Pogona vitticeps - Import-Export Peter Hoch GmbH","og_description":"Bartagame Pogona vitticeps Schutzstatus In Australien geschu\u0308tzt. Kein\u00a0internationaler Schutz. Nur Nachzuchten\u00a0erh\u00e4ltlich. Verbreitung Zentral-Australien\u00a0 Lebensraum Busch- und baumbestandene trockene\u00a0Areale, tagaktiv Gr\u00f6\u00dfe Gro\u00dfe M\u00e4nnchen werden in der Natur\u00a0bis 60 cm. Nachzuchten sind deutlich\u00a0kleiner &#8211; in der Regel erreichen sie\u00a0lediglich 40-45 cm GL. Lebenserwartung u\u0308ber 9 Jahre Temperatur Lufttemperaturen zwischen 25-32\u00b0C. Nachtabsenkung auf Zimmertemperatur. Unter W\u00e4rmestrahlern\u00a0Temperaturen bis zu [&hellip;]","og_url":"https:\/\/hoch-rep.com\/en\/tiersteckbriefe\/echsen\/agamen\/pogona-vitticeps\/","og_site_name":"Import-Export Peter Hoch GmbH","article_publisher":"https:\/\/www.facebook.com\/hochrep\/","article_modified_time":"2024-03-21T10:29:44+00:00","og_image":[{"url":"https:\/\/hoch-rep.com\/wp-content\/uploads\/2024\/03\/pogona-vitticeps-PH-002-1024x681.png","type":"","width":"","height":""}],"twitter_card":"summary_large_image","twitter_misc":{"Estimated reading time":"2 minutes"},"schema":{"@context":"https:\/\/schema.org","@graph":[{"@type":"WebPage","@id":"https:\/\/hoch-rep.com\/tiersteckbriefe\/echsen\/agamen\/pogona-vitticeps\/","url":"https:\/\/hoch-rep.com\/tiersteckbriefe\/echsen\/agamen\/pogona-vitticeps\/","name":"Bearded dragon - Pogona vitticeps - Import-Export Peter Hoch GmbH","isPartOf":{"@id":"https:\/\/hoch-rep.com\/#website"},"primaryImageOfPage":{"@id":"https:\/\/hoch-rep.com\/tiersteckbriefe\/echsen\/agamen\/pogona-vitticeps\/#primaryimage"},"image":{"@id":"https:\/\/hoch-rep.com\/tiersteckbriefe\/echsen\/agamen\/pogona-vitticeps\/#primaryimage"},"thumbnailUrl":"https:\/\/hoch-rep.com\/wp-content\/uploads\/2024\/03\/pogona-vitticeps-PH-002-1024x681.png","datePublished":"2024-03-13T14:11:58+00:00","dateModified":"2024-03-21T10:29:44+00:00","breadcrumb":{"@id":"https:\/\/hoch-rep.com\/tiersteckbriefe\/echsen\/agamen\/pogona-vitticeps\/#breadcrumb"},"inLanguage":"en-GB","potentialAction":[{"@type":"ReadAction","target":["https:\/\/hoch-rep.com\/tiersteckbriefe\/echsen\/agamen\/pogona-vitticeps\/"]}]},{"@type":"ImageObject","inLanguage":"en-GB","@id":"https:\/\/hoch-rep.com\/tiersteckbriefe\/echsen\/agamen\/pogona-vitticeps\/#primaryimage","url":"https:\/\/hoch-rep.com\/wp-content\/uploads\/2024\/03\/pogona-vitticeps-PH-002-1024x681.png","contentUrl":"https:\/\/hoch-rep.com\/wp-content\/uploads\/2024\/03\/pogona-vitticeps-PH-002-1024x681.png"},{"@type":"BreadcrumbList","@id":"https:\/\/hoch-rep.com\/tiersteckbriefe\/echsen\/agamen\/pogona-vitticeps\/#breadcrumb","itemListElement":[{"@type":"ListItem","position":1,"name":"Startseite","item":"https:\/\/hoch-rep.com\/"},{"@type":"ListItem","position":2,"name":"Tiersteckbriefe","item":"https:\/\/hoch-rep.com\/tiersteckbriefe\/"},{"@type":"ListItem","position":3,"name":"Echsen","item":"https:\/\/hoch-rep.com\/tiersteckbriefe\/echsen\/"},{"@type":"ListItem","position":4,"name":"Agamen","item":"https:\/\/hoch-rep.com\/tiersteckbriefe\/echsen\/agamen\/"},{"@type":"ListItem","position":5,"name":"Bartagame &#8211; Pogona vitticeps"}]},{"@type":"WebSite","@id":"https:\/\/hoch-rep.com\/#website","url":"https:\/\/hoch-rep.com\/","name":"Import-Export Peter Hoch GmbH","description":"","publisher":{"@id":"https:\/\/hoch-rep.com\/#organization"},"potentialAction":[{"@type":"SearchAction","target":{"@type":"EntryPoint","urlTemplate":"https:\/\/hoch-rep.com\/?s={search_term_string}"},"query-input":{"@type":"PropertyValueSpecification","valueRequired":true,"valueName":"search_term_string"}}],"inLanguage":"en-GB"},{"@type":"Organization","@id":"https:\/\/hoch-rep.com\/#organization","name":"Import-Export Peter Hoch GmbH","url":"https:\/\/hoch-rep.com\/","logo":{"@type":"ImageObject","inLanguage":"en-GB","@id":"https:\/\/hoch-rep.com\/#\/schema\/logo\/image\/","url":"https:\/\/hoch-rep.com\/wp-content\/uploads\/2023\/08\/Hoch_Logo_2023-1.png","contentUrl":"https:\/\/hoch-rep.com\/wp-content\/uploads\/2023\/08\/Hoch_Logo_2023-1.png","width":8843,"height":2207,"caption":"Import-Export Peter Hoch GmbH"},"image":{"@id":"https:\/\/hoch-rep.com\/#\/schema\/logo\/image\/"},"sameAs":["https:\/\/www.facebook.com\/hochrep\/","https:\/\/www.linkedin.com\/company\/import-export-peter-hoch-gmbh\/","https:\/\/www.instagram.com\/import_export_hoch\/"]}]}},"_links":{"self":[{"href":"https:\/\/hoch-rep.com\/en\/wp-json\/wp\/v2\/pages\/6164"}],"collection":[{"href":"https:\/\/hoch-rep.com\/en\/wp-json\/wp\/v2\/pages"}],"about":[{"href":"https:\/\/hoch-rep.com\/en\/wp-json\/wp\/v2\/types\/page"}],"author":[{"embeddable":true,"href":"https:\/\/hoch-rep.com\/en\/wp-json\/wp\/v2\/users\/1"}],"replies":[{"embeddable":true,"href":"https:\/\/hoch-rep.com\/en\/wp-json\/wp\/v2\/comments?post=6164"}],"version-history":[{"count":44,"href":"https:\/\/hoch-rep.com\/en\/wp-json\/wp\/v2\/pages\/6164\/revisions"}],"predecessor-version":[{"id":6661,"href":"https:\/\/hoch-rep.com\/en\/wp-json\/wp\/v2\/pages\/6164\/revisions\/6661"}],"up":[{"embeddable":true,"href":"https:\/\/hoch-rep.com\/en\/wp-json\/wp\/v2\/pages\/6439"}],"wp:attachment":[{"href":"https:\/\/hoch-rep.com\/en\/wp-json\/wp\/v2\/media?parent=6164"}],"curies":[{"name":"wp","href":"https:\/\/api.w.org\/{rel}","templated":true}]}}