{"id":8176,"date":"2025-06-30T11:23:42","date_gmt":"2025-06-30T09:23:42","guid":{"rendered":"https:\/\/hoch-rep.com\/?page_id=8176"},"modified":"2025-07-02T10:06:21","modified_gmt":"2025-07-02T08:06:21","slug":"barrierefreiheitserklaerung","status":"publish","type":"page","link":"https:\/\/hoch-rep.com\/en\/barrierefreiheitserklaerung\/","title":{"rendered":"Declaration of accessibility"},"content":{"rendered":"<div data-elementor-type=\"wp-page\" data-elementor-id=\"8176\" class=\"elementor elementor-8176\" data-elementor-post-type=\"page\">\n\t\t\t\t\t\t<section class=\"elementor-section elementor-top-section elementor-element elementor-element-6dac40b elementor-section-boxed elementor-section-height-default elementor-section-height-default\" data-id=\"6dac40b\" data-element_type=\"section\" data-e-type=\"section\" id=\"content\">\n\t\t\t\t\t\t<div class=\"elementor-container elementor-column-gap-default\">\n\t\t\t\t\t<div class=\"elementor-column elementor-col-100 elementor-top-column elementor-element elementor-element-abd8853\" data-id=\"abd8853\" data-element_type=\"column\" data-e-type=\"column\">\n\t\t\t<div class=\"elementor-widget-wrap elementor-element-populated\">\n\t\t\t\t\t\t<div class=\"elementor-element elementor-element-b958ae5 elementor-widget elementor-widget-heading\" data-id=\"b958ae5\" data-element_type=\"widget\" data-e-type=\"widget\" id=\"brheadline\" data-widget_type=\"heading.default\">\n\t\t\t\t<div class=\"elementor-widget-container\">\n\t\t\t\t\t<h1 class=\"elementor-heading-title elementor-size-default\"><h1>Declaration of accessibility<\/h1><\/h1>\t\t\t\t<\/div>\n\t\t\t\t<\/div>\n\t\t\t\t<div class=\"elementor-element elementor-element-3d6a769 elementor-widget elementor-widget-text-editor\" data-id=\"3d6a769\" data-element_type=\"widget\" data-e-type=\"widget\" data-widget_type=\"text-editor.default\">\n\t\t\t\t<div class=\"elementor-widget-container\">\n\t\t\t\t\t\t\t\t\t<p>This accessibility statement applies to the website published at https:\/\/www.hoch-rep.com.<\/p><p>As a company, we are actively committed to making our websites and mobile applications accessible. Of course, this is done in accordance with the Barrier-Free Accessibility Reinforcement Act (BFSG), the associated ordinance (BFSGV) and the European Directive 2019\/882 on the accessibility requirements for products and services.<\/p><p>Status of compatibility with the requirements<\/p><p>The accessibility requirements are set out in the Ordinance to the Accessibility Improvement Act (BFSGV).<\/p><p>The specific requirements for accessibility have been implemented in accordance with Section 14 BFSG in conjunction with Section 3 para. \u00a7 Section 3 (1) BFSG in the Ordinance to the Accessibility Reinforcement Act (BFSGV).<\/p><p>Information on services that meet accessibility requirements<\/p><p>Operation of a zoological wholesale business and the development and production of zoological articles<\/p><p>Conformity status<\/p><p>The specific technical measures are based on WCAG 2.0 Level A.<\/p><p>The review of compliance with the requirements is based on a self-assessment (the content was assessed by an internal employee or the developer of the content) and was carried out on 28 June 2025. The assessment was carried out in accordance with legal requirements and global standards (EN 301 549, WCAG 2.0 Level A).<\/p><p>The website partially complies with WCAG 2.0 Level A. This means that only parts of the content are accessible.<\/p><p>In accordance with Section 2 of the Barrier-Free Accessibility Reinforcement Act (BFSG) and the associated ordinance (BFSGV), we provide accessible services and information on our website and in our app. We also comply with the requirements of the Disability Equality Act (BGG) and implement the guidelines of the European Accessibility Act (EAA) accordingly. Our services have been checked against recognised criteria and optimised for the most accessible use possible.<\/p><p>Non-accessible content:<\/p><p>Our website and mobile applications are largely barrier-free, but there are some restrictions:<\/p><ul><li>Images and graphics do not always have clear alternative texts; in some cases these are missing completely. However, these are exclusively decorative images.<\/li><li>The focus order can display the navigation of the page twice in untested browsers. This is due to the technical structure of the website.<\/li><li>The accessible names of operating elements do not always match the visible designations, as a more descriptive alternative title has been used.<\/li><li>Some PDF documents are not barrier-free.<\/li><\/ul><p>We are constantly working to improve the digital accessibility of our services. Due to the extensive and complex content, it has not yet been possible to fully adapt all areas. Our aim is to quickly remove existing access barriers for people with disabilities.<\/p><p>We are aware that the realisation of accessible digital systems depends heavily on the technology used. Technological requirements and system-related limitations can influence feasibility. We therefore regularly evaluate existing technologies and examine alternative solutions in order to further advance digital accessibility for all users.<\/p><p>The accessibility of the website was tested with the browsers Chrome, Firefox, Edge and Safari and requires HTML for barrier-free use.<\/p><p>If you would like to give us feedback on accessibility, please contact our accessibility contact person by phone, email or other specified method.<br \/>We will do our best to respond to your feedback within 48 hours.<\/p><p>Import-Export Peter Hoch GmbH<br \/>c\/o Kevin Geller<br \/>Street: August-Jeanmaire-Stra\u00dfe 12<br \/>Postcode \/ Place: 79183 Waldkirch<br \/>Telephone: <a href=\"tel:+49768140320\">+49 (0)7681\/4032-0<\/a><br \/>Email: <a href=\"mailto:kevin.geller@hoch-rep.com\">kevin.geller@hoch-rep.com<\/a><\/p><p>Market surveillance authority<\/p><p>The competent market surveillance authority is:<br \/>Market Surveillance Centre of the Federal States for the Accessibility of Products and Services (MLBF)<br \/>c\/o Ministry of Labour, Social Affairs, Health and Equality of the State of Saxony-Anhalt<br \/>P.O. Box 39 11 55<br \/>39135 Magdeburg<\/p><p>Telephone: <a href=\"tel:+493915674530\">+49 (0)391\/567-4530<\/a><br \/>e-mail: <a href=\"mailto:MLBF@ms.sachsen-anhalt.de\">MLBF@ms.sachsen-anhalt.de<\/a><\/p><p>We are endeavouring to remove all obstacles for people with disabilities identified in the audit report dated 28 June 2025 in a timely manner.<\/p>\t\t\t\t\t\t\t\t<\/div>\n\t\t\t\t<\/div>\n\t\t\t\t\t<\/div>\n\t\t<\/div>\n\t\t\t\t\t<\/div>\n\t\t<\/section>\n\t\t\t\t<\/div>","protected":false},"excerpt":{"rendered":"<p>Barrierefreiheitserkl\u00e4rung Diese Barrierefreiheits-Erkl\u00e4rung gilt f\u00fcr die unter https:\/\/www.hoch-rep.com ver\u00f6ffentlichte Seite. Wir setzen uns als Unternehmen aktiv daf\u00fcr ein, unsere Webseiten und mobilen Anwendungen barrierefrei zug\u00e4nglich zu gestalten. Dies erfolgt selbstverst\u00e4ndlich im Einklang mit dem Barrierefreiheitsst\u00e4rkungsgesetz (BFSG), der dazugeh\u00f6rigen Verordnung (BFSGV), sowie der europ\u00e4ischen Richtlinie 2019\/882 \u00fcber die Anforderungen an die Barrierefreiheit von Produkten und Dienstleistungen. [&hellip;]<\/p>\n","protected":false},"author":9,"featured_media":0,"parent":0,"menu_order":0,"comment_status":"closed","ping_status":"closed","template":"","meta":{"footnotes":""},"class_list":["post-8176","page","type-page","status-publish","hentry"],"yoast_head":"<!-- This site is optimized with the Yoast SEO plugin v25.5 - https:\/\/yoast.com\/wordpress\/plugins\/seo\/ -->\n<title>Barrierefreiheitserkl\u00e4rung - Import-Export Peter Hoch GmbH<\/title>\n<meta name=\"robots\" content=\"index, follow, max-snippet:-1, max-image-preview:large, max-video-preview:-1\" \/>\n<link rel=\"canonical\" href=\"https:\/\/hoch-rep.com\/en\/barrierefreiheitserklaerung\/\" \/>\n<meta property=\"og:locale\" content=\"en_GB\" \/>\n<meta property=\"og:type\" content=\"article\" \/>\n<meta property=\"og:title\" content=\"Barrierefreiheitserkl\u00e4rung - Import-Export Peter Hoch GmbH\" \/>\n<meta property=\"og:description\" content=\"Barrierefreiheitserkl\u00e4rung Diese Barrierefreiheits-Erkl\u00e4rung gilt f\u00fcr die unter https:\/\/www.hoch-rep.com ver\u00f6ffentlichte Seite. Wir setzen uns als Unternehmen aktiv daf\u00fcr ein, unsere Webseiten und mobilen Anwendungen barrierefrei zug\u00e4nglich zu gestalten. Dies erfolgt selbstverst\u00e4ndlich im Einklang mit dem Barrierefreiheitsst\u00e4rkungsgesetz (BFSG), der dazugeh\u00f6rigen Verordnung (BFSGV), sowie der europ\u00e4ischen Richtlinie 2019\/882 \u00fcber die Anforderungen an die Barrierefreiheit von Produkten und Dienstleistungen. [&hellip;]\" \/>\n<meta property=\"og:url\" content=\"https:\/\/hoch-rep.com\/en\/barrierefreiheitserklaerung\/\" \/>\n<meta property=\"og:site_name\" content=\"Import-Export Peter Hoch GmbH\" \/>\n<meta property=\"article:publisher\" content=\"https:\/\/www.facebook.com\/hochrep\/\" \/>\n<meta property=\"article:modified_time\" content=\"2025-07-02T08:06:21+00:00\" \/>\n<meta name=\"twitter:card\" content=\"summary_large_image\" \/>\n<meta name=\"twitter:label1\" content=\"Estimated reading time\" \/>\n\t<meta name=\"twitter:data1\" content=\"4 minutes\" \/>\n<script type=\"application\/ld+json\" class=\"yoast-schema-graph\">{\"@context\":\"https:\/\/schema.org\",\"@graph\":[{\"@type\":\"WebPage\",\"@id\":\"https:\/\/hoch-rep.com\/barrierefreiheitserklaerung\/\",\"url\":\"https:\/\/hoch-rep.com\/barrierefreiheitserklaerung\/\",\"name\":\"Barrierefreiheitserkl\u00e4rung - Import-Export Peter Hoch GmbH\",\"isPartOf\":{\"@id\":\"https:\/\/hoch-rep.com\/#website\"},\"datePublished\":\"2025-06-30T09:23:42+00:00\",\"dateModified\":\"2025-07-02T08:06:21+00:00\",\"breadcrumb\":{\"@id\":\"https:\/\/hoch-rep.com\/barrierefreiheitserklaerung\/#breadcrumb\"},\"inLanguage\":\"en-GB\",\"potentialAction\":[{\"@type\":\"ReadAction\",\"target\":[\"https:\/\/hoch-rep.com\/barrierefreiheitserklaerung\/\"]}]},{\"@type\":\"BreadcrumbList\",\"@id\":\"https:\/\/hoch-rep.com\/barrierefreiheitserklaerung\/#breadcrumb\",\"itemListElement\":[{\"@type\":\"ListItem\",\"position\":1,\"name\":\"Startseite\",\"item\":\"https:\/\/hoch-rep.com\/\"},{\"@type\":\"ListItem\",\"position\":2,\"name\":\"Barrierefreiheitserkl\u00e4rung\"}]},{\"@type\":\"WebSite\",\"@id\":\"https:\/\/hoch-rep.com\/#website\",\"url\":\"https:\/\/hoch-rep.com\/\",\"name\":\"Import-Export Peter Hoch GmbH\",\"description\":\"\",\"publisher\":{\"@id\":\"https:\/\/hoch-rep.com\/#organization\"},\"potentialAction\":[{\"@type\":\"SearchAction\",\"target\":{\"@type\":\"EntryPoint\",\"urlTemplate\":\"https:\/\/hoch-rep.com\/?s={search_term_string}\"},\"query-input\":{\"@type\":\"PropertyValueSpecification\",\"valueRequired\":true,\"valueName\":\"search_term_string\"}}],\"inLanguage\":\"en-GB\"},{\"@type\":\"Organization\",\"@id\":\"https:\/\/hoch-rep.com\/#organization\",\"name\":\"Import-Export Peter Hoch GmbH\",\"url\":\"https:\/\/hoch-rep.com\/\",\"logo\":{\"@type\":\"ImageObject\",\"inLanguage\":\"en-GB\",\"@id\":\"https:\/\/hoch-rep.com\/#\/schema\/logo\/image\/\",\"url\":\"https:\/\/hoch-rep.com\/wp-content\/uploads\/2023\/08\/Hoch_Logo_2023-1.png\",\"contentUrl\":\"https:\/\/hoch-rep.com\/wp-content\/uploads\/2023\/08\/Hoch_Logo_2023-1.png\",\"width\":8843,\"height\":2207,\"caption\":\"Import-Export Peter Hoch GmbH\"},\"image\":{\"@id\":\"https:\/\/hoch-rep.com\/#\/schema\/logo\/image\/\"},\"sameAs\":[\"https:\/\/www.facebook.com\/hochrep\/\",\"https:\/\/www.linkedin.com\/company\/import-export-peter-hoch-gmbh\/\",\"https:\/\/www.instagram.com\/import_export_hoch\/\"]}]}<\/script>\n<!-- \/ Yoast SEO plugin. -->","yoast_head_json":{"title":"Declaration of accessibility - Import-Export Peter Hoch GmbH","robots":{"index":"index","follow":"follow","max-snippet":"max-snippet:-1","max-image-preview":"max-image-preview:large","max-video-preview":"max-video-preview:-1"},"canonical":"https:\/\/hoch-rep.com\/en\/barrierefreiheitserklaerung\/","og_locale":"en_GB","og_type":"article","og_title":"Barrierefreiheitserkl\u00e4rung - Import-Export Peter Hoch GmbH","og_description":"Barrierefreiheitserkl\u00e4rung Diese Barrierefreiheits-Erkl\u00e4rung gilt f\u00fcr die unter https:\/\/www.hoch-rep.com ver\u00f6ffentlichte Seite. Wir setzen uns als Unternehmen aktiv daf\u00fcr ein, unsere Webseiten und mobilen Anwendungen barrierefrei zug\u00e4nglich zu gestalten. Dies erfolgt selbstverst\u00e4ndlich im Einklang mit dem Barrierefreiheitsst\u00e4rkungsgesetz (BFSG), der dazugeh\u00f6rigen Verordnung (BFSGV), sowie der europ\u00e4ischen Richtlinie 2019\/882 \u00fcber die Anforderungen an die Barrierefreiheit von Produkten und Dienstleistungen. [&hellip;]","og_url":"https:\/\/hoch-rep.com\/en\/barrierefreiheitserklaerung\/","og_site_name":"Import-Export Peter Hoch GmbH","article_publisher":"https:\/\/www.facebook.com\/hochrep\/","article_modified_time":"2025-07-02T08:06:21+00:00","twitter_card":"summary_large_image","twitter_misc":{"Estimated reading time":"4 minutes"},"schema":{"@context":"https:\/\/schema.org","@graph":[{"@type":"WebPage","@id":"https:\/\/hoch-rep.com\/barrierefreiheitserklaerung\/","url":"https:\/\/hoch-rep.com\/barrierefreiheitserklaerung\/","name":"Declaration of accessibility - Import-Export Peter Hoch GmbH","isPartOf":{"@id":"https:\/\/hoch-rep.com\/#website"},"datePublished":"2025-06-30T09:23:42+00:00","dateModified":"2025-07-02T08:06:21+00:00","breadcrumb":{"@id":"https:\/\/hoch-rep.com\/barrierefreiheitserklaerung\/#breadcrumb"},"inLanguage":"en-GB","potentialAction":[{"@type":"ReadAction","target":["https:\/\/hoch-rep.com\/barrierefreiheitserklaerung\/"]}]},{"@type":"BreadcrumbList","@id":"https:\/\/hoch-rep.com\/barrierefreiheitserklaerung\/#breadcrumb","itemListElement":[{"@type":"ListItem","position":1,"name":"Startseite","item":"https:\/\/hoch-rep.com\/"},{"@type":"ListItem","position":2,"name":"Barrierefreiheitserkl\u00e4rung"}]},{"@type":"WebSite","@id":"https:\/\/hoch-rep.com\/#website","url":"https:\/\/hoch-rep.com\/","name":"Import-Export Peter Hoch GmbH","description":"","publisher":{"@id":"https:\/\/hoch-rep.com\/#organization"},"potentialAction":[{"@type":"SearchAction","target":{"@type":"EntryPoint","urlTemplate":"https:\/\/hoch-rep.com\/?s={search_term_string}"},"query-input":{"@type":"PropertyValueSpecification","valueRequired":true,"valueName":"search_term_string"}}],"inLanguage":"en-GB"},{"@type":"Organization","@id":"https:\/\/hoch-rep.com\/#organization","name":"Import-Export Peter Hoch GmbH","url":"https:\/\/hoch-rep.com\/","logo":{"@type":"ImageObject","inLanguage":"en-GB","@id":"https:\/\/hoch-rep.com\/#\/schema\/logo\/image\/","url":"https:\/\/hoch-rep.com\/wp-content\/uploads\/2023\/08\/Hoch_Logo_2023-1.png","contentUrl":"https:\/\/hoch-rep.com\/wp-content\/uploads\/2023\/08\/Hoch_Logo_2023-1.png","width":8843,"height":2207,"caption":"Import-Export Peter Hoch GmbH"},"image":{"@id":"https:\/\/hoch-rep.com\/#\/schema\/logo\/image\/"},"sameAs":["https:\/\/www.facebook.com\/hochrep\/","https:\/\/www.linkedin.com\/company\/import-export-peter-hoch-gmbh\/","https:\/\/www.instagram.com\/import_export_hoch\/"]}]}},"_links":{"self":[{"href":"https:\/\/hoch-rep.com\/en\/wp-json\/wp\/v2\/pages\/8176"}],"collection":[{"href":"https:\/\/hoch-rep.com\/en\/wp-json\/wp\/v2\/pages"}],"about":[{"href":"https:\/\/hoch-rep.com\/en\/wp-json\/wp\/v2\/types\/page"}],"author":[{"embeddable":true,"href":"https:\/\/hoch-rep.com\/en\/wp-json\/wp\/v2\/users\/9"}],"replies":[{"embeddable":true,"href":"https:\/\/hoch-rep.com\/en\/wp-json\/wp\/v2\/comments?post=8176"}],"version-history":[{"count":27,"href":"https:\/\/hoch-rep.com\/en\/wp-json\/wp\/v2\/pages\/8176\/revisions"}],"predecessor-version":[{"id":8311,"href":"https:\/\/hoch-rep.com\/en\/wp-json\/wp\/v2\/pages\/8176\/revisions\/8311"}],"wp:attachment":[{"href":"https:\/\/hoch-rep.com\/en\/wp-json\/wp\/v2\/media?parent=8176"}],"curies":[{"name":"wp","href":"https:\/\/api.w.org\/{rel}","templated":true}]}}