{"id":3499,"date":"2023-10-27T11:15:52","date_gmt":"2023-10-27T09:15:52","guid":{"rendered":"https:\/\/test.hoch-rep.com\/?page_id=3499"},"modified":"2025-07-21T09:34:41","modified_gmt":"2025-07-21T07:34:41","slug":"impressum","status":"publish","type":"page","link":"https:\/\/hoch-rep.com\/fr\/impressum\/","title":{"rendered":"Mentions l\u00e9gales"},"content":{"rendered":"<div data-elementor-type=\"wp-page\" data-elementor-id=\"3499\" class=\"elementor elementor-3499\" data-elementor-post-type=\"page\">\n\t\t\t\t\t\t<section class=\"elementor-section elementor-top-section elementor-element elementor-element-9292ee6 elementor-section-boxed elementor-section-height-default elementor-section-height-default\" data-id=\"9292ee6\" data-element_type=\"section\" data-e-type=\"section\" id=\"content\">\n\t\t\t\t\t\t<div class=\"elementor-container elementor-column-gap-default\">\n\t\t\t\t\t<div class=\"elementor-column elementor-col-100 elementor-top-column elementor-element elementor-element-925b13b\" data-id=\"925b13b\" data-element_type=\"column\" data-e-type=\"column\">\n\t\t\t<div class=\"elementor-widget-wrap elementor-element-populated\">\n\t\t\t\t\t\t<div class=\"elementor-element elementor-element-67a1629 elementor-widget elementor-widget-heading\" data-id=\"67a1629\" data-element_type=\"widget\" data-e-type=\"widget\" data-widget_type=\"heading.default\">\n\t\t\t\t<div class=\"elementor-widget-container\">\n\t\t\t\t\t<h1 class=\"elementor-heading-title elementor-size-default\">Mentions l\u00e9gales<\/h1>\t\t\t\t<\/div>\n\t\t\t\t<\/div>\n\t\t\t\t<div class=\"elementor-element elementor-element-168c17b elementor-widget elementor-widget-text-editor\" data-id=\"168c17b\" data-element_type=\"widget\" data-e-type=\"widget\" data-widget_type=\"text-editor.default\">\n\t\t\t\t<div class=\"elementor-widget-container\">\n\t\t\t\t\t\t\t\t\t<h2>Informations selon \u00a7 5 TMG<\/h2><p>Import-Export Peter Hoch GmbH<br \/>Rue August Jeanmaire 12<br \/>79183 Waldkirch<\/p><p>Registre du commerce : HRB 703173<br \/>Tribunal d'enregistrement : Tribunal d'instance de Fribourg<\/p><p>N\u00b0 d'enregistrement WEEE : DE8268534<\/p><p><strong>Repr\u00e9sent\u00e9 par :<\/strong><br \/>J\u00fcrgen Hoch<\/p><h2>Contact<\/h2><p>T\u00e9l\u00e9phone : <a href=\"tel:+49768140320\">+49 (0)7681\/4032-0<\/a><br \/>T\u00e9l\u00e9copieur : +49 (0) 7681 \/ 4032-51<br \/>Courrier \u00e9lectronique : <a href=\"mailto:info@hoch-rep.com\">info@hoch-rep.com<\/a><\/p><h2>Num\u00e9ro d'identification de la taxe sur le chiffre d'affaires<\/h2><p>Num\u00e9ro d'identification de la taxe sur le chiffre d'affaires conform\u00e9ment au \u00a7 27 a de la loi sur la taxe sur le chiffre d'affaires :<br \/>FR815037649<\/p><h2>Responsable de la r\u00e9daction<\/h2><p>J\u00fcrgen Hoch<\/p><h2>R\u00e8glement des litiges de consommation\/organisme de conciliation universel<\/h2><p>Nous ne sommes pas pr\u00eats ou oblig\u00e9s de participer \u00e0 des proc\u00e9dures de r\u00e8glement des litiges devant un organisme de conciliation des consommateurs.<\/p><p>Source : <a href=\"https:\/\/www.e-recht24.de\/impressum-generator.html\">https:\/\/www.e-recht24.de\/impressum-generator.html<\/a><\/p>\t\t\t\t\t\t\t\t<\/div>\n\t\t\t\t<\/div>\n\t\t\t\t\t<\/div>\n\t\t<\/div>\n\t\t\t\t\t<\/div>\n\t\t<\/section>\n\t\t\t\t<section class=\"elementor-section elementor-top-section elementor-element elementor-element-577f644 elementor-section-boxed elementor-section-height-default elementor-section-height-default\" data-id=\"577f644\" data-element_type=\"section\" data-e-type=\"section\">\n\t\t\t\t\t\t<div class=\"elementor-container elementor-column-gap-default\">\n\t\t\t\t\t<div class=\"elementor-column elementor-col-100 elementor-top-column elementor-element elementor-element-7b291b7\" data-id=\"7b291b7\" data-element_type=\"column\" data-e-type=\"column\">\n\t\t\t<div class=\"elementor-widget-wrap elementor-element-populated\">\n\t\t\t\t\t\t<div class=\"elementor-element elementor-element-099ca49 elementor-hidden-desktop elementor-widget elementor-widget-spacer\" data-id=\"099ca49\" data-element_type=\"widget\" data-e-type=\"widget\" data-widget_type=\"spacer.default\">\n\t\t\t\t<div class=\"elementor-widget-container\">\n\t\t\t\t\t\t\t<div class=\"elementor-spacer\">\n\t\t\t<div class=\"elementor-spacer-inner\"><\/div>\n\t\t<\/div>\n\t\t\t\t\t\t<\/div>\n\t\t\t\t<\/div>\n\t\t\t\t\t<\/div>\n\t\t<\/div>\n\t\t\t\t\t<\/div>\n\t\t<\/section>\n\t\t\t\t<\/div>","protected":false},"excerpt":{"rendered":"<p>Impressum Angaben gem\u00e4\u00df \u00a7 5 TMG Import-Export Peter Hoch GmbHAugust-Jeanmaire-Stra\u00dfe 1279183 Waldkirch Handelsregister: HRB 703173Registergericht: Amtsgericht Freiburg WEEE Reg. Nr.: DE8268534 Vertreten durch:J\u00fcrgen Hoch Kontakt Telefon: +49 (0)7681\/4032-0Telefax: +49 (0) 7681 \/ 4032-51E-Mail: info@hoch-rep.com Umsatzsteuer-ID Umsatzsteuer-Identifikationsnummer gem\u00e4\u00df \u00a7 27 a Umsatzsteuergesetz:DE815037649 Redaktionell verantwortlich J\u00fcrgen Hoch Verbraucher\u00adstreit\u00adbeilegung\/Universal\u00adschlichtungs\u00adstelle Wir sind nicht bereit oder verpflichtet, an Streitbeilegungsverfahren vor [&hellip;]<\/p>\n","protected":false},"author":1,"featured_media":0,"parent":0,"menu_order":0,"comment_status":"closed","ping_status":"closed","template":"elementor_header_footer","meta":{"footnotes":""},"class_list":["post-3499","page","type-page","status-publish","hentry"],"yoast_head":"<!-- This site is optimized with the Yoast SEO plugin v25.5 - https:\/\/yoast.com\/wordpress\/plugins\/seo\/ -->\n<title>Impressum - Import-Export Peter Hoch GmbH<\/title>\n<meta name=\"robots\" content=\"index, follow, max-snippet:-1, max-image-preview:large, max-video-preview:-1\" \/>\n<link rel=\"canonical\" href=\"https:\/\/hoch-rep.com\/fr\/impressum\/\" \/>\n<meta property=\"og:locale\" content=\"fr_FR\" \/>\n<meta property=\"og:type\" content=\"article\" \/>\n<meta property=\"og:title\" content=\"Impressum - Import-Export Peter Hoch GmbH\" \/>\n<meta property=\"og:description\" content=\"Impressum Angaben gem\u00e4\u00df \u00a7 5 TMG Import-Export Peter Hoch GmbHAugust-Jeanmaire-Stra\u00dfe 1279183 Waldkirch Handelsregister: HRB 703173Registergericht: Amtsgericht Freiburg WEEE Reg. Nr.: DE8268534 Vertreten durch:J\u00fcrgen Hoch Kontakt Telefon: +49 (0)7681\/4032-0Telefax: +49 (0) 7681 \/ 4032-51E-Mail: info@hoch-rep.com Umsatzsteuer-ID Umsatzsteuer-Identifikationsnummer gem\u00e4\u00df \u00a7 27 a Umsatzsteuergesetz:DE815037649 Redaktionell verantwortlich J\u00fcrgen Hoch Verbraucher\u00adstreit\u00adbeilegung\/Universal\u00adschlichtungs\u00adstelle Wir sind nicht bereit oder verpflichtet, an Streitbeilegungsverfahren vor [&hellip;]\" \/>\n<meta property=\"og:url\" content=\"https:\/\/hoch-rep.com\/fr\/impressum\/\" \/>\n<meta property=\"og:site_name\" content=\"Import-Export Peter Hoch GmbH\" \/>\n<meta property=\"article:publisher\" content=\"https:\/\/www.facebook.com\/hochrep\/\" \/>\n<meta property=\"article:modified_time\" content=\"2025-07-21T07:34:41+00:00\" \/>\n<meta name=\"twitter:card\" content=\"summary_large_image\" \/>\n<meta name=\"twitter:label1\" content=\"Dur\u00e9e de lecture estim\u00e9e\" \/>\n\t<meta name=\"twitter:data1\" content=\"1 minute\" \/>\n<script type=\"application\/ld+json\" class=\"yoast-schema-graph\">{\"@context\":\"https:\/\/schema.org\",\"@graph\":[{\"@type\":\"WebPage\",\"@id\":\"https:\/\/hoch-rep.com\/impressum\/\",\"url\":\"https:\/\/hoch-rep.com\/impressum\/\",\"name\":\"Impressum - Import-Export Peter Hoch GmbH\",\"isPartOf\":{\"@id\":\"https:\/\/hoch-rep.com\/#website\"},\"datePublished\":\"2023-10-27T09:15:52+00:00\",\"dateModified\":\"2025-07-21T07:34:41+00:00\",\"breadcrumb\":{\"@id\":\"https:\/\/hoch-rep.com\/impressum\/#breadcrumb\"},\"inLanguage\":\"fr-FR\",\"potentialAction\":[{\"@type\":\"ReadAction\",\"target\":[\"https:\/\/hoch-rep.com\/impressum\/\"]}]},{\"@type\":\"BreadcrumbList\",\"@id\":\"https:\/\/hoch-rep.com\/impressum\/#breadcrumb\",\"itemListElement\":[{\"@type\":\"ListItem\",\"position\":1,\"name\":\"Startseite\",\"item\":\"https:\/\/hoch-rep.com\/\"},{\"@type\":\"ListItem\",\"position\":2,\"name\":\"Impressum\"}]},{\"@type\":\"WebSite\",\"@id\":\"https:\/\/hoch-rep.com\/#website\",\"url\":\"https:\/\/hoch-rep.com\/\",\"name\":\"Import-Export Peter Hoch GmbH\",\"description\":\"\",\"publisher\":{\"@id\":\"https:\/\/hoch-rep.com\/#organization\"},\"potentialAction\":[{\"@type\":\"SearchAction\",\"target\":{\"@type\":\"EntryPoint\",\"urlTemplate\":\"https:\/\/hoch-rep.com\/?s={search_term_string}\"},\"query-input\":{\"@type\":\"PropertyValueSpecification\",\"valueRequired\":true,\"valueName\":\"search_term_string\"}}],\"inLanguage\":\"fr-FR\"},{\"@type\":\"Organization\",\"@id\":\"https:\/\/hoch-rep.com\/#organization\",\"name\":\"Import-Export Peter Hoch GmbH\",\"url\":\"https:\/\/hoch-rep.com\/\",\"logo\":{\"@type\":\"ImageObject\",\"inLanguage\":\"fr-FR\",\"@id\":\"https:\/\/hoch-rep.com\/#\/schema\/logo\/image\/\",\"url\":\"https:\/\/hoch-rep.com\/wp-content\/uploads\/2023\/08\/Hoch_Logo_2023-1.png\",\"contentUrl\":\"https:\/\/hoch-rep.com\/wp-content\/uploads\/2023\/08\/Hoch_Logo_2023-1.png\",\"width\":8843,\"height\":2207,\"caption\":\"Import-Export Peter Hoch GmbH\"},\"image\":{\"@id\":\"https:\/\/hoch-rep.com\/#\/schema\/logo\/image\/\"},\"sameAs\":[\"https:\/\/www.facebook.com\/hochrep\/\",\"https:\/\/www.linkedin.com\/company\/import-export-peter-hoch-gmbh\/\",\"https:\/\/www.instagram.com\/import_export_hoch\/\"]}]}<\/script>\n<!-- \/ Yoast SEO plugin. -->","yoast_head_json":{"title":"Mentions l\u00e9gales - Import-Export Peter Hoch GmbH","robots":{"index":"index","follow":"follow","max-snippet":"max-snippet:-1","max-image-preview":"max-image-preview:large","max-video-preview":"max-video-preview:-1"},"canonical":"https:\/\/hoch-rep.com\/fr\/impressum\/","og_locale":"fr_FR","og_type":"article","og_title":"Impressum - Import-Export Peter Hoch GmbH","og_description":"Impressum Angaben gem\u00e4\u00df \u00a7 5 TMG Import-Export Peter Hoch GmbHAugust-Jeanmaire-Stra\u00dfe 1279183 Waldkirch Handelsregister: HRB 703173Registergericht: Amtsgericht Freiburg WEEE Reg. Nr.: DE8268534 Vertreten durch:J\u00fcrgen Hoch Kontakt Telefon: +49 (0)7681\/4032-0Telefax: +49 (0) 7681 \/ 4032-51E-Mail: info@hoch-rep.com Umsatzsteuer-ID Umsatzsteuer-Identifikationsnummer gem\u00e4\u00df \u00a7 27 a Umsatzsteuergesetz:DE815037649 Redaktionell verantwortlich J\u00fcrgen Hoch Verbraucher\u00adstreit\u00adbeilegung\/Universal\u00adschlichtungs\u00adstelle Wir sind nicht bereit oder verpflichtet, an Streitbeilegungsverfahren vor [&hellip;]","og_url":"https:\/\/hoch-rep.com\/fr\/impressum\/","og_site_name":"Import-Export Peter Hoch GmbH","article_publisher":"https:\/\/www.facebook.com\/hochrep\/","article_modified_time":"2025-07-21T07:34:41+00:00","twitter_card":"summary_large_image","twitter_misc":{"Dur\u00e9e de lecture estim\u00e9e":"1 minute"},"schema":{"@context":"https:\/\/schema.org","@graph":[{"@type":"WebPage","@id":"https:\/\/hoch-rep.com\/impressum\/","url":"https:\/\/hoch-rep.com\/impressum\/","name":"Mentions l\u00e9gales - Import-Export Peter Hoch GmbH","isPartOf":{"@id":"https:\/\/hoch-rep.com\/#website"},"datePublished":"2023-10-27T09:15:52+00:00","dateModified":"2025-07-21T07:34:41+00:00","breadcrumb":{"@id":"https:\/\/hoch-rep.com\/impressum\/#breadcrumb"},"inLanguage":"fr-FR","potentialAction":[{"@type":"ReadAction","target":["https:\/\/hoch-rep.com\/impressum\/"]}]},{"@type":"BreadcrumbList","@id":"https:\/\/hoch-rep.com\/impressum\/#breadcrumb","itemListElement":[{"@type":"ListItem","position":1,"name":"Startseite","item":"https:\/\/hoch-rep.com\/"},{"@type":"ListItem","position":2,"name":"Impressum"}]},{"@type":"WebSite","@id":"https:\/\/hoch-rep.com\/#website","url":"https:\/\/hoch-rep.com\/","name":"Import-Export Peter Hoch GmbH","description":"","publisher":{"@id":"https:\/\/hoch-rep.com\/#organization"},"potentialAction":[{"@type":"SearchAction","target":{"@type":"EntryPoint","urlTemplate":"https:\/\/hoch-rep.com\/?s={search_term_string}"},"query-input":{"@type":"PropertyValueSpecification","valueRequired":true,"valueName":"search_term_string"}}],"inLanguage":"fr-FR"},{"@type":"Organization","@id":"https:\/\/hoch-rep.com\/#organization","name":"Import-Export Peter Hoch GmbH","url":"https:\/\/hoch-rep.com\/","logo":{"@type":"ImageObject","inLanguage":"fr-FR","@id":"https:\/\/hoch-rep.com\/#\/schema\/logo\/image\/","url":"https:\/\/hoch-rep.com\/wp-content\/uploads\/2023\/08\/Hoch_Logo_2023-1.png","contentUrl":"https:\/\/hoch-rep.com\/wp-content\/uploads\/2023\/08\/Hoch_Logo_2023-1.png","width":8843,"height":2207,"caption":"Import-Export Peter Hoch GmbH"},"image":{"@id":"https:\/\/hoch-rep.com\/#\/schema\/logo\/image\/"},"sameAs":["https:\/\/www.facebook.com\/hochrep\/","https:\/\/www.linkedin.com\/company\/import-export-peter-hoch-gmbh\/","https:\/\/www.instagram.com\/import_export_hoch\/"]}]}},"_links":{"self":[{"href":"https:\/\/hoch-rep.com\/fr\/wp-json\/wp\/v2\/pages\/3499"}],"collection":[{"href":"https:\/\/hoch-rep.com\/fr\/wp-json\/wp\/v2\/pages"}],"about":[{"href":"https:\/\/hoch-rep.com\/fr\/wp-json\/wp\/v2\/types\/page"}],"author":[{"embeddable":true,"href":"https:\/\/hoch-rep.com\/fr\/wp-json\/wp\/v2\/users\/1"}],"replies":[{"embeddable":true,"href":"https:\/\/hoch-rep.com\/fr\/wp-json\/wp\/v2\/comments?post=3499"}],"version-history":[{"count":49,"href":"https:\/\/hoch-rep.com\/fr\/wp-json\/wp\/v2\/pages\/3499\/revisions"}],"predecessor-version":[{"id":8396,"href":"https:\/\/hoch-rep.com\/fr\/wp-json\/wp\/v2\/pages\/3499\/revisions\/8396"}],"wp:attachment":[{"href":"https:\/\/hoch-rep.com\/fr\/wp-json\/wp\/v2\/media?parent=3499"}],"curies":[{"name":"wp","href":"https:\/\/api.w.org\/{rel}","templated":true}]}}